{"id":9,"date":"2017-02-10T19:21:19","date_gmt":"2017-02-10T18:21:19","guid":{"rendered":"http:\/\/avada.theme-fusion.com_demos\/architecture\/?page_id=9"},"modified":"2017-12-12T14:02:44","modified_gmt":"2017-12-12T13:02:44","slug":"cegunkrol","status":"publish","type":"page","link":"https:\/\/arnyekolasvezerles.hu\/en\/cegunkrol\/","title":{"rendered":"Our Company"},"content":{"rendered":"<p><div class=\"fusion-fullwidth fullwidth-box fusion-builder-row-1 fusion-parallax-none nonhundred-percent-fullwidth non-hundred-percent-height-scrolling\" style=\"--awb-background-position:right top;--awb-border-radius-top-left:0px;--awb-border-radius-top-right:0px;--awb-border-radius-bottom-right:0px;--awb-border-radius-bottom-left:0px;--awb-padding-top:120px;--awb-padding-bottom:80px;--awb-background-image:url(&quot;https:\/\/arnyekolasvezerles.hu\/images\/fooldal-red-background.jpg&quot;);--awb-background-size:cover;--awb-flex-wrap:wrap;\" ><div class=\"fusion-builder-row fusion-row\"><div class=\"fusion-layout-column fusion_builder_column fusion-builder-column-0 fusion_builder_column_1_1 1_1 fusion-one-full fusion-column-first fusion-column-last\" style=\"--awb-bg-size:cover;\"><div class=\"fusion-column-wrapper fusion-flex-column-wrapper-legacy\"><div class=\"fusion-text fusion-text-1\"><h1>OUR COMPANY<\/h1>\n<\/div><div class=\"fusion-sep-clear\"><\/div><div class=\"fusion-separator fusion-full-width-sep\" style=\"margin-left: auto;margin-right: auto;margin-bottom:20px;width:100%;\"><\/div><div class=\"fusion-sep-clear\"><\/div><div class=\"fusion-clearfix\"><\/div><\/div><\/div><\/div><\/div><div class=\"fusion-fullwidth fullwidth-box fusion-builder-row-2 nonhundred-percent-fullwidth non-hundred-percent-height-scrolling\" style=\"--awb-background-position:left top;--awb-border-radius-top-left:0px;--awb-border-radius-top-right:0px;--awb-border-radius-bottom-right:0px;--awb-border-radius-bottom-left:0px;--awb-padding-top:150px;--awb-border-sizes-top:0px;--awb-border-sizes-bottom:0px;--awb-flex-wrap:wrap;\" ><div class=\"fusion-builder-row fusion-row\"><div class=\"fusion-layout-column fusion_builder_column fusion-builder-column-1 fusion_builder_column_1_2 1_2 fusion-one-half fusion-column-first\" style=\"--awb-bg-size:cover;width:48%; margin-right: 4%;\"><div class=\"fusion-column-wrapper fusion-flex-column-wrapper-legacy\"><div class=\"fusion-text fusion-text-2\"><h2>About Us<\/h2>\n<\/div><div class=\"fusion-sep-clear\"><\/div><div class=\"fusion-separator fusion-clearfix\" style=\"float:left;margin-top:0px;margin-bottom:35px;width:100%;max-width:170px;\"><div class=\"fusion-separator-border sep-single sep-solid\" style=\"--awb-height:20px;--awb-amount:20px;--awb-sep-color:#e2e3e8;border-color:#e2e3e8;border-top-width:3px;\"><\/div><\/div><div class=\"fusion-sep-clear\"><\/div><div class=\"fusion-text fusion-text-3\"><h3><em>Our company, the R-NIM Ltd. was established in 2017. Our goal was and is to be your ever growing partner in supplying tubular motors in today's increasing technological demands!<\/em><\/h3>\n<\/div><div class=\"fusion-sep-clear\"><\/div><div class=\"fusion-separator fusion-clearfix\" style=\"float:left;margin-top:0px;margin-bottom:35px;width:100%;max-width:170px;\"><\/div><div class=\"fusion-sep-clear\"><\/div><div class=\"fusion-clearfix\"><\/div><\/div><\/div><div class=\"fusion-layout-column fusion_builder_column fusion-builder-column-2 fusion_builder_column_1_2 1_2 fusion-one-half fusion-column-last\" style=\"--awb-bg-size:cover;width:48%;\"><div class=\"fusion-column-wrapper fusion-flex-column-wrapper-legacy\"><div class=\"fusion-image-element in-legacy-container\" style=\"--awb-caption-title-font-family:var(--h2_typography-font-family);--awb-caption-title-font-weight:var(--h2_typography-font-weight);--awb-caption-title-font-style:var(--h2_typography-font-style);--awb-caption-title-size:var(--h2_typography-font-size);--awb-caption-title-transform:var(--h2_typography-text-transform);--awb-caption-title-line-height:var(--h2_typography-line-height);--awb-caption-title-letter-spacing:var(--h2_typography-letter-spacing);\"><span class=\"fusion-imageframe imageframe-none imageframe-1 hover-type-zoomin fusion-animated\" data-animationtype=\"fadeInDown\" data-animationduration=\"1.0\" data-animationoffset=\"top-into-view\"><img decoding=\"async\" width=\"800\" height=\"541\" title=\"portfolio12\" src=\"https:\/\/arnyekolasvezerles.hu\/images\/2015\/02\/portfolio12.jpg\" alt class=\"img-responsive wp-image-218\"\/><\/span><\/div><div class=\"fusion-sep-clear\"><\/div><div class=\"fusion-separator fusion-full-width-sep\" style=\"margin-left: auto;margin-right: auto;margin-top:40px;width:100%;\"><\/div><div class=\"fusion-sep-clear\"><\/div><div class=\"fusion-clearfix\"><\/div><\/div><\/div><\/div><\/div><div class=\"fusion-fullwidth fullwidth-box fusion-builder-row-3 nonhundred-percent-fullwidth non-hundred-percent-height-scrolling\" style=\"--awb-background-position:left top;--awb-border-radius-top-left:0px;--awb-border-radius-top-right:0px;--awb-border-radius-bottom-right:0px;--awb-border-radius-bottom-left:0px;--awb-padding-bottom:50px;--awb-border-sizes-top:0px;--awb-border-sizes-bottom:0px;--awb-flex-wrap:wrap;\" ><div class=\"fusion-builder-row fusion-row\"><div class=\"fusion-layout-column fusion_builder_column fusion-builder-column-3 fusion_builder_column_1_2 1_2 fusion-one-half fusion-column-first\" style=\"--awb-bg-size:cover;width:48%; margin-right: 4%;\"><div class=\"fusion-column-wrapper fusion-flex-column-wrapper-legacy\"><div class=\"fusion-text fusion-text-4\"><p>Our colleagues provide professional expertise of several years to our current and new partners. The perspective of our company is to provide an always up to date customer service, supply top notch products, and to grant technological support.<\/p>\n<\/div><div class=\"fusion-clearfix\"><\/div><\/div><\/div><div class=\"fusion-layout-column fusion_builder_column fusion-builder-column-4 fusion_builder_column_1_2 1_2 fusion-one-half fusion-column-last\" style=\"--awb-bg-size:cover;width:48%;\"><div class=\"fusion-column-wrapper fusion-flex-column-wrapper-legacy\"><div class=\"fusion-text fusion-text-5\"><p>We have our products, the <span style=\"color: #ff0000;\"><strong>revolution system<\/strong><\/span> tubular motors and remote controls produced in the electromechanic industrial capital of China, Ningbo. The manufacturer places great emphasis on producing goods that are safe to work, intelligent, comfortable, elegant and energy saving.<\/p>\n<\/div><div class=\"fusion-clearfix\"><\/div><\/div><\/div><\/div><\/div><div class=\"fusion-bg-parallax\" data-bg-align=\"left top\" data-direction=\"up\" data-mute=\"false\" data-opacity=\"100\" data-velocity=\"-0.3\" data-mobile-enabled=\"false\" data-break_parents=\"0\" data-bg-image=\"https:\/\/arnyekolasvezerles.hu\/images\/2015\/05\/st-lucia.jpg\" data-bg-repeat=\"false\" ><\/div><div class=\"fusion-fullwidth fullwidth-box fusion-builder-row-4 fusion-parallax-up nonhundred-percent-fullwidth non-hundred-percent-height-scrolling\" style=\"--awb-background-position:left top;--awb-border-radius-top-left:0px;--awb-border-radius-top-right:0px;--awb-border-radius-bottom-right:0px;--awb-border-radius-bottom-left:0px;--awb-padding-top:100px;--awb-padding-bottom:75px;--awb-background-image:url(&quot;https:\/\/arnyekolasvezerles.hu\/images\/2015\/05\/st-lucia.jpg&quot;);--awb-background-size:cover;--awb-border-sizes-top:0px;--awb-border-sizes-bottom:0px;--awb-flex-wrap:wrap;\" ><div class=\"fusion-builder-row fusion-row\"><div class=\"fusion-layout-column fusion_builder_column fusion-builder-column-5 fusion_builder_column_1_1 1_1 fusion-one-full fusion-column-first fusion-column-last fusion-column-no-min-height\" style=\"--awb-bg-size:cover;--awb-margin-bottom:0px;\"><div class=\"fusion-column-wrapper fusion-flex-column-wrapper-legacy\"><div class=\"fusion-text fusion-text-6\"><h3><span style=\"color: #ffffff;\"><em>In the XXI. century, the use of eco-friendly,<\/em><\/span><\/h3>\n<\/div><div class=\"fusion-sep-clear\"><\/div><div class=\"fusion-separator fusion-full-width-sep\" style=\"margin-left: auto;margin-right: auto;margin-top:60px;width:100%;\"><\/div><div class=\"fusion-sep-clear\"><\/div><div class=\"fusion-clearfix\"><\/div><\/div><\/div><\/div><\/div><div class=\"fusion-fullwidth fullwidth-box fusion-builder-row-5 nonhundred-percent-fullwidth non-hundred-percent-height-scrolling\" style=\"--awb-background-position:left top;--awb-border-radius-top-left:0px;--awb-border-radius-top-right:0px;--awb-border-radius-bottom-right:0px;--awb-border-radius-bottom-left:0px;--awb-padding-top:150px;--awb-border-sizes-top:0px;--awb-border-sizes-bottom:0px;--awb-flex-wrap:wrap;\" ><div class=\"fusion-builder-row fusion-row\"><div class=\"fusion-layout-column fusion_builder_column fusion-builder-column-6 fusion_builder_column_1_3 1_3 fusion-one-third fusion-column-first\" style=\"--awb-bg-position:right center;--awb-bg-size:cover;--awb-border-color:#e0dede;--awb-border-style:solid;--awb-margin-bottom:0px;width:30.6666%; margin-right: 4%;\"><div class=\"fusion-column-wrapper fusion-flex-column-wrapper-legacy\"><div class=\"fusion-text fusion-text-7\"><h2>TERM\u00c9KEK<\/h2>\n<\/div><div class=\"fusion-image-element fusion-image-align-center in-legacy-container\" style=\"text-align:center;--awb-caption-title-font-family:var(--h2_typography-font-family);--awb-caption-title-font-weight:var(--h2_typography-font-weight);--awb-caption-title-font-style:var(--h2_typography-font-style);--awb-caption-title-size:var(--h2_typography-font-size);--awb-caption-title-transform:var(--h2_typography-text-transform);--awb-caption-title-line-height:var(--h2_typography-line-height);--awb-caption-title-letter-spacing:var(--h2_typography-letter-spacing);\"><div class=\"imageframe-align-center\"><span class=\"fusion-imageframe imageframe-none imageframe-2 hover-type-zoomin\"><img decoding=\"async\" width=\"300\" height=\"300\" title=\"fooldal-kategoriak-taviranyitok\" src=\"https:\/\/arnyekolasvezerles.hu\/images\/fooldal-kategoriak-taviranyitok.png\" alt class=\"img-responsive wp-image-1073\" srcset=\"https:\/\/arnyekolasvezerles.hu\/images\/fooldal-kategoriak-taviranyitok-200x200.png 200w, https:\/\/arnyekolasvezerles.hu\/images\/fooldal-kategoriak-taviranyitok.png 300w\" sizes=\"(max-width: 800px) 100vw, 300px\" \/><\/span><\/div><\/div><div class=\"fusion-clearfix\"><\/div><\/div><\/div><div class=\"fusion-layout-column fusion_builder_column fusion-builder-column-7 fusion_builder_column_2_3 2_3 fusion-two-third fusion-column-last\" style=\"--awb-bg-size:cover;--awb-margin-bottom:100px;width:65.3333%;\"><div class=\"fusion-column-wrapper fusion-flex-column-wrapper-legacy\"><div class=\"fusion-text fusion-text-8\"><h3><em>The <span style=\"color: #ff0000;\">revolution system<\/span> cs\u0151motorok \u00e9s t\u00e1vir\u00e1ny\u00edt\u00f3k sz\u00e9les k\u00f6rben haszn\u00e1lhat\u00f3k red\u0151ny\u00f6kh\u00f6z, rolett\u00e1khoz, napellenz\u0151kh\u00f6z, red\u0151nykapukhoz, naph\u00e1l\u00f3khoz. A k\u00e9nyelmes m\u0171k\u00f6dtet\u00e9ssel egy id\u0151ben energiamegtakar\u00edt\u00e1s is p\u00e1rosul. Ez\u00e9rt aj\u00e1nljuk term\u00e9keinket \u00faj kivitelez\u00e9sekhez vagy ak\u00e1r megl\u00e9v\u0151 rendszerek fel\u00faj\u00edt\u00e1s\u00e1hoz egyar\u00e1nt.<\/em><\/h3>\n<h3><em><br \/>\nThe <span style=\"color: #ff0000;\">revolution system<\/span> tubular motors own several different quality certificates such as the Chinese CCC, german T\u00dcV, European CE. ROHS, FCC which ensure the safe working protocols.<br \/>\n<\/em><\/h3>\n<\/div><div class=\"fusion-clearfix\"><\/div><\/div><\/div><\/div><\/div><div class=\"fusion-fullwidth fullwidth-box fusion-builder-row-6 nonhundred-percent-fullwidth non-hundred-percent-height-scrolling\" style=\"--awb-border-radius-top-left:0px;--awb-border-radius-top-right:0px;--awb-border-radius-bottom-right:0px;--awb-border-radius-bottom-left:0px;--awb-padding-bottom:50px;--awb-flex-wrap:wrap;\" ><div class=\"fusion-builder-row fusion-row\"><div class=\"fusion-layout-column fusion_builder_column fusion-builder-column-8 fusion_builder_column_1_1 1_1 fusion-one-full fusion-column-first fusion-column-last\" style=\"--awb-bg-size:cover;\"><div class=\"fusion-column-wrapper fusion-flex-column-wrapper-legacy\"><div class=\"fusion-text fusion-text-9\"><h3><em>Furthermore, we provide 6 years of warranty for our motors, which is one of a kind in Hungary. <span style=\"color: #ff0000;\">This time span protects the consumer rights, and guarantees the quality<\/span> standards.<\/em><\/h3>\n<\/div><div class=\"fusion-clearfix\"><\/div><\/div><\/div><\/div><\/div><div class=\"fusion-bg-parallax\" data-bg-align=\"left top\" data-direction=\"up\" data-mute=\"false\" data-opacity=\"100\" data-velocity=\"-0.3\" data-mobile-enabled=\"false\" data-break_parents=\"0\" data-bg-image=\"https:\/\/arnyekolasvezerles.hu\/images\/2015\/05\/cube.jpg\" data-bg-repeat=\"false\" ><\/div><div class=\"fusion-fullwidth fullwidth-box fusion-builder-row-7 fusion-parallax-up nonhundred-percent-fullwidth non-hundred-percent-height-scrolling\" style=\"--awb-background-position:left top;--awb-border-radius-top-left:0px;--awb-border-radius-top-right:0px;--awb-border-radius-bottom-right:0px;--awb-border-radius-bottom-left:0px;--awb-padding-top:50px;--awb-padding-bottom:50px;--awb-background-image:url(&quot;https:\/\/arnyekolasvezerles.hu\/images\/2015\/05\/cube.jpg&quot;);--awb-background-size:cover;--awb-border-sizes-top:0px;--awb-border-sizes-bottom:0px;--awb-flex-wrap:wrap;\" ><div class=\"fusion-builder-row fusion-row\"><div class=\"fusion-layout-column fusion_builder_column fusion-builder-column-9 fusion_builder_column_2_3 2_3 fusion-two-third fusion-column-first\" style=\"--awb-bg-size:cover;width:65.3333%; margin-right: 4%;\"><div class=\"fusion-column-wrapper fusion-flex-column-wrapper-legacy\"><div class=\"fusion-sep-clear\"><\/div><div class=\"fusion-separator fusion-no-small-visibility fusion-full-width-sep\" style=\"margin-left: auto;margin-right: auto;margin-bottom:125px;width:100%;\"><\/div><div class=\"fusion-sep-clear\"><\/div><div class=\"fusion-text fusion-text-10\"><h3><span style=\"color: #ffffff;\"><em>Nagyon v\u00e1rjuk, hogy egy\u00fctt dolgozzunk r\u00e9gi \u00e9s \u00faj partnereinkkel, hogy egy\u00fctt alkossunk valami t\u00f6k\u00e9leteset. <\/em><\/span><\/h3>\n<\/div><div class=\"fusion-clearfix\"><\/div><\/div><\/div><div class=\"fusion-layout-column fusion_builder_column fusion-builder-column-10 fusion_builder_column_1_3 1_3 fusion-one-third fusion-column-last\" style=\"--awb-bg-size:cover;width:30.6666%;\"><div class=\"fusion-column-wrapper fusion-flex-column-wrapper-legacy\"><div class=\"fusion-image-element in-legacy-container\" style=\"--awb-caption-title-font-family:var(--h2_typography-font-family);--awb-caption-title-font-weight:var(--h2_typography-font-weight);--awb-caption-title-font-style:var(--h2_typography-font-style);--awb-caption-title-size:var(--h2_typography-font-size);--awb-caption-title-transform:var(--h2_typography-text-transform);--awb-caption-title-line-height:var(--h2_typography-line-height);--awb-caption-title-letter-spacing:var(--h2_typography-letter-spacing);\"><span class=\"fusion-imageframe imageframe-none imageframe-3 hover-type-zoomin fusion-animated\" data-animationtype=\"fadeInDown\" data-animationduration=\"1.0\" data-animationoffset=\"top-into-view\"><img decoding=\"async\" width=\"300\" height=\"300\" title=\"fooldal-kategoriak-csomotorok\" src=\"https:\/\/arnyekolasvezerles.hu\/images\/fooldal-kategoriak-csomotorok.png\" alt class=\"img-responsive wp-image-1388\" srcset=\"https:\/\/arnyekolasvezerles.hu\/images\/fooldal-kategoriak-csomotorok-200x200.png 200w, https:\/\/arnyekolasvezerles.hu\/images\/fooldal-kategoriak-csomotorok.png 300w\" sizes=\"(max-width: 800px) 100vw, 300px\" \/><\/span><\/div><div class=\"fusion-clearfix\"><\/div><\/div><\/div><\/div><\/div><\/p>","protected":false},"excerpt":{"rendered":"","protected":false},"author":1,"featured_media":0,"parent":0,"menu_order":0,"comment_status":"closed","ping_status":"closed","template":"100-width.php","meta":{"footnotes":""},"class_list":["post-9","page","type-page","status-publish","hentry"],"yoast_head":"<!-- This site is optimized with the Yoast SEO plugin v27.4 - https:\/\/yoast.com\/product\/yoast-seo-wordpress\/ -->\n<title>C\u00e9g\u00fcnkr\u0151l - \u00c1rny\u00e9kol\u00e1s vez\u00e9rl\u00e9s , \u00c9p\u00fcletvez\u00e9rl\u00e9s, Intelligens otthon<\/title>\n<meta name=\"description\" content=\"A revolution system cs\u0151motorokat \u00e9s vez\u00e9rl\u00e9seket, az elektromechanikus ipari f\u0151v\u00e1rosban, gy\u00e1rtatjuk. Biztons\u00e1gos, intelligens, k\u00e9nyelmes, eleg\u00e1ns energiatakar\u00e9kos term\u00e9kek.\" \/>\n<meta name=\"robots\" content=\"index, follow, max-snippet:-1, max-image-preview:large, max-video-preview:-1\" \/>\n<link rel=\"canonical\" href=\"https:\/\/arnyekolasvezerles.hu\/en\/cegunkrol\/\" \/>\n<meta property=\"og:locale\" content=\"en_GB\" \/>\n<meta property=\"og:type\" content=\"article\" \/>\n<meta property=\"og:title\" content=\"C\u00e9g\u00fcnkr\u0151l - \u00c1rny\u00e9kol\u00e1s vez\u00e9rl\u00e9s , \u00c9p\u00fcletvez\u00e9rl\u00e9s, Intelligens otthon\" \/>\n<meta property=\"og:description\" content=\"A revolution system cs\u0151motorokat \u00e9s vez\u00e9rl\u00e9seket, az elektromechanikus ipari f\u0151v\u00e1rosban, gy\u00e1rtatjuk. Biztons\u00e1gos, intelligens, k\u00e9nyelmes, eleg\u00e1ns energiatakar\u00e9kos term\u00e9kek.\" \/>\n<meta property=\"og:url\" content=\"https:\/\/arnyekolasvezerles.hu\/en\/cegunkrol\/\" \/>\n<meta property=\"og:site_name\" content=\"\u00c1rny\u00e9kol\u00e1s vez\u00e9rl\u00e9s\" \/>\n<meta property=\"article:modified_time\" content=\"2017-12-12T13:02:44+00:00\" \/>\n<meta property=\"og:image\" content=\"https:\/\/arnyekolasvezerles.hu\/images\/2015\/02\/portfolio12.jpg\" \/>\n<meta name=\"twitter:card\" content=\"summary_large_image\" \/>\n<meta name=\"twitter:label1\" content=\"Estimated reading time\" \/>\n\t<meta name=\"twitter:data1\" content=\"11 minutes\" \/>\n<script type=\"application\/ld+json\" class=\"yoast-schema-graph\">{\"@context\":\"https:\\\/\\\/schema.org\",\"@graph\":[{\"@type\":\"WebPage\",\"@id\":\"https:\\\/\\\/arnyekolasvezerles.hu\\\/cegunkrol\\\/\",\"url\":\"https:\\\/\\\/arnyekolasvezerles.hu\\\/cegunkrol\\\/\",\"name\":\"C\u00e9g\u00fcnkr\u0151l - \u00c1rny\u00e9kol\u00e1s vez\u00e9rl\u00e9s , \u00c9p\u00fcletvez\u00e9rl\u00e9s, Intelligens otthon\",\"isPartOf\":{\"@id\":\"https:\\\/\\\/arnyekolasvezerles.hu\\\/#website\"},\"primaryImageOfPage\":{\"@id\":\"https:\\\/\\\/arnyekolasvezerles.hu\\\/cegunkrol\\\/#primaryimage\"},\"image\":{\"@id\":\"https:\\\/\\\/arnyekolasvezerles.hu\\\/cegunkrol\\\/#primaryimage\"},\"thumbnailUrl\":\"https:\\\/\\\/arnyekolasvezerles.hu\\\/images\\\/2015\\\/02\\\/portfolio12.jpg\",\"datePublished\":\"2017-02-10T18:21:19+00:00\",\"dateModified\":\"2017-12-12T13:02:44+00:00\",\"description\":\"A revolution system cs\u0151motorokat \u00e9s vez\u00e9rl\u00e9seket, az elektromechanikus ipari f\u0151v\u00e1rosban, gy\u00e1rtatjuk. Biztons\u00e1gos, intelligens, k\u00e9nyelmes, eleg\u00e1ns energiatakar\u00e9kos term\u00e9kek.\",\"breadcrumb\":{\"@id\":\"https:\\\/\\\/arnyekolasvezerles.hu\\\/cegunkrol\\\/#breadcrumb\"},\"inLanguage\":\"en-GB\",\"potentialAction\":[{\"@type\":\"ReadAction\",\"target\":[\"https:\\\/\\\/arnyekolasvezerles.hu\\\/cegunkrol\\\/\"]}]},{\"@type\":\"ImageObject\",\"inLanguage\":\"en-GB\",\"@id\":\"https:\\\/\\\/arnyekolasvezerles.hu\\\/cegunkrol\\\/#primaryimage\",\"url\":\"https:\\\/\\\/arnyekolasvezerles.hu\\\/images\\\/2015\\\/02\\\/portfolio12.jpg\",\"contentUrl\":\"https:\\\/\\\/arnyekolasvezerles.hu\\\/images\\\/2015\\\/02\\\/portfolio12.jpg\"},{\"@type\":\"BreadcrumbList\",\"@id\":\"https:\\\/\\\/arnyekolasvezerles.hu\\\/cegunkrol\\\/#breadcrumb\",\"itemListElement\":[{\"@type\":\"ListItem\",\"position\":1,\"name\":\"Home\",\"item\":\"https:\\\/\\\/arnyekolasvezerles.hu\\\/\"},{\"@type\":\"ListItem\",\"position\":2,\"name\":\"C\u00e9g\u00fcnkr\u0151l\"}]},{\"@type\":\"WebSite\",\"@id\":\"https:\\\/\\\/arnyekolasvezerles.hu\\\/#website\",\"url\":\"https:\\\/\\\/arnyekolasvezerles.hu\\\/\",\"name\":\"\u00c1rny\u00e9kol\u00e1s vez\u00e9rl\u00e9s\",\"description\":\"\",\"potentialAction\":[{\"@type\":\"SearchAction\",\"target\":{\"@type\":\"EntryPoint\",\"urlTemplate\":\"https:\\\/\\\/arnyekolasvezerles.hu\\\/?s={search_term_string}\"},\"query-input\":{\"@type\":\"PropertyValueSpecification\",\"valueRequired\":true,\"valueName\":\"search_term_string\"}}],\"inLanguage\":\"en-GB\"}]}<\/script>\n<!-- \/ Yoast SEO plugin. -->","yoast_head_json":{"title":"C\u00e9g\u00fcnkr\u0151l - \u00c1rny\u00e9kol\u00e1s vez\u00e9rl\u00e9s , \u00c9p\u00fcletvez\u00e9rl\u00e9s, Intelligens otthon","description":"A revolution system cs\u0151motorokat \u00e9s vez\u00e9rl\u00e9seket, az elektromechanikus ipari f\u0151v\u00e1rosban, gy\u00e1rtatjuk. Biztons\u00e1gos, intelligens, k\u00e9nyelmes, eleg\u00e1ns energiatakar\u00e9kos term\u00e9kek.","robots":{"index":"index","follow":"follow","max-snippet":"max-snippet:-1","max-image-preview":"max-image-preview:large","max-video-preview":"max-video-preview:-1"},"canonical":"https:\/\/arnyekolasvezerles.hu\/en\/cegunkrol\/","og_locale":"en_GB","og_type":"article","og_title":"C\u00e9g\u00fcnkr\u0151l - \u00c1rny\u00e9kol\u00e1s vez\u00e9rl\u00e9s , \u00c9p\u00fcletvez\u00e9rl\u00e9s, Intelligens otthon","og_description":"A revolution system cs\u0151motorokat \u00e9s vez\u00e9rl\u00e9seket, az elektromechanikus ipari f\u0151v\u00e1rosban, gy\u00e1rtatjuk. Biztons\u00e1gos, intelligens, k\u00e9nyelmes, eleg\u00e1ns energiatakar\u00e9kos term\u00e9kek.","og_url":"https:\/\/arnyekolasvezerles.hu\/en\/cegunkrol\/","og_site_name":"\u00c1rny\u00e9kol\u00e1s vez\u00e9rl\u00e9s","article_modified_time":"2017-12-12T13:02:44+00:00","og_image":[{"url":"https:\/\/arnyekolasvezerles.hu\/images\/2015\/02\/portfolio12.jpg","type":"","width":"","height":""}],"twitter_card":"summary_large_image","twitter_misc":{"Estimated reading time":"11 minutes"},"schema":{"@context":"https:\/\/schema.org","@graph":[{"@type":"WebPage","@id":"https:\/\/arnyekolasvezerles.hu\/cegunkrol\/","url":"https:\/\/arnyekolasvezerles.hu\/cegunkrol\/","name":"C\u00e9g\u00fcnkr\u0151l - \u00c1rny\u00e9kol\u00e1s vez\u00e9rl\u00e9s , \u00c9p\u00fcletvez\u00e9rl\u00e9s, Intelligens otthon","isPartOf":{"@id":"https:\/\/arnyekolasvezerles.hu\/#website"},"primaryImageOfPage":{"@id":"https:\/\/arnyekolasvezerles.hu\/cegunkrol\/#primaryimage"},"image":{"@id":"https:\/\/arnyekolasvezerles.hu\/cegunkrol\/#primaryimage"},"thumbnailUrl":"https:\/\/arnyekolasvezerles.hu\/images\/2015\/02\/portfolio12.jpg","datePublished":"2017-02-10T18:21:19+00:00","dateModified":"2017-12-12T13:02:44+00:00","description":"A revolution system cs\u0151motorokat \u00e9s vez\u00e9rl\u00e9seket, az elektromechanikus ipari f\u0151v\u00e1rosban, gy\u00e1rtatjuk. Biztons\u00e1gos, intelligens, k\u00e9nyelmes, eleg\u00e1ns energiatakar\u00e9kos term\u00e9kek.","breadcrumb":{"@id":"https:\/\/arnyekolasvezerles.hu\/cegunkrol\/#breadcrumb"},"inLanguage":"en-GB","potentialAction":[{"@type":"ReadAction","target":["https:\/\/arnyekolasvezerles.hu\/cegunkrol\/"]}]},{"@type":"ImageObject","inLanguage":"en-GB","@id":"https:\/\/arnyekolasvezerles.hu\/cegunkrol\/#primaryimage","url":"https:\/\/arnyekolasvezerles.hu\/images\/2015\/02\/portfolio12.jpg","contentUrl":"https:\/\/arnyekolasvezerles.hu\/images\/2015\/02\/portfolio12.jpg"},{"@type":"BreadcrumbList","@id":"https:\/\/arnyekolasvezerles.hu\/cegunkrol\/#breadcrumb","itemListElement":[{"@type":"ListItem","position":1,"name":"Home","item":"https:\/\/arnyekolasvezerles.hu\/"},{"@type":"ListItem","position":2,"name":"C\u00e9g\u00fcnkr\u0151l"}]},{"@type":"WebSite","@id":"https:\/\/arnyekolasvezerles.hu\/#website","url":"https:\/\/arnyekolasvezerles.hu\/","name":"\u00c1rny\u00e9kol\u00e1s vez\u00e9rl\u00e9s","description":"","potentialAction":[{"@type":"SearchAction","target":{"@type":"EntryPoint","urlTemplate":"https:\/\/arnyekolasvezerles.hu\/?s={search_term_string}"},"query-input":{"@type":"PropertyValueSpecification","valueRequired":true,"valueName":"search_term_string"}}],"inLanguage":"en-GB"}]}},"_links":{"self":[{"href":"https:\/\/arnyekolasvezerles.hu\/en\/wp-json\/wp\/v2\/pages\/9","targetHints":{"allow":["GET"]}}],"collection":[{"href":"https:\/\/arnyekolasvezerles.hu\/en\/wp-json\/wp\/v2\/pages"}],"about":[{"href":"https:\/\/arnyekolasvezerles.hu\/en\/wp-json\/wp\/v2\/types\/page"}],"author":[{"embeddable":true,"href":"https:\/\/arnyekolasvezerles.hu\/en\/wp-json\/wp\/v2\/users\/1"}],"replies":[{"embeddable":true,"href":"https:\/\/arnyekolasvezerles.hu\/en\/wp-json\/wp\/v2\/comments?post=9"}],"version-history":[{"count":0,"href":"https:\/\/arnyekolasvezerles.hu\/en\/wp-json\/wp\/v2\/pages\/9\/revisions"}],"wp:attachment":[{"href":"https:\/\/arnyekolasvezerles.hu\/en\/wp-json\/wp\/v2\/media?parent=9"}],"curies":[{"name":"wp","href":"https:\/\/api.w.org\/{rel}","templated":true}]}}