{"id":2231,"date":"2026-03-19T10:15:54","date_gmt":"2026-03-19T09:15:54","guid":{"rendered":"https:\/\/arnyekolasvezerles.hu\/newsletter\/"},"modified":"2026-03-19T10:15:54","modified_gmt":"2026-03-19T09:15:54","slug":"newsletter","status":"publish","type":"page","link":"https:\/\/arnyekolasvezerles.hu\/en\/newsletter\/","title":{"rendered":"Newsletter"},"content":{"rendered":"<div class=\"tnp tnp-subscription\">\n<form method=\"post\" action=\"https:\/\/arnyekolasvezerles.hu\/wp-admin\/admin-ajax.php?action=tnp&amp;na=s\">\n<input type=\"hidden\" name=\"nlang\" value=\"\">\n<div class=\"tnp-field tnp-field-email\"><label for=\"tnp-1\">Email<\/label>\n<input class=\"tnp-email\" type=\"email\" name=\"ne\" id=\"tnp-1\" value=\"\" placeholder=\"\" required><\/div>\n<div class=\"tnp-field tnp-field-button\" style=\"text-align: left\"><input class=\"tnp-submit\" type=\"submit\" value=\"Subscribe\" style=\"\">\n<\/div>\n<\/form>\n<\/div>","protected":false},"excerpt":{"rendered":"","protected":false},"author":3,"featured_media":0,"parent":0,"menu_order":0,"comment_status":"closed","ping_status":"closed","template":"","meta":{"footnotes":""},"class_list":["post-2231","page","type-page","status-publish","hentry"],"yoast_head":"<!-- This site is optimized with the Yoast SEO plugin v27.5 - https:\/\/yoast.com\/product\/yoast-seo-wordpress\/ -->\n<title>Newsletter - \u00c1rny\u00e9kol\u00e1s vez\u00e9rl\u00e9s<\/title>\n<meta name=\"robots\" content=\"index, follow, max-snippet:-1, max-image-preview:large, max-video-preview:-1\" \/>\n<link rel=\"canonical\" href=\"https:\/\/arnyekolasvezerles.hu\/en\/newsletter\/\" \/>\n<meta property=\"og:locale\" content=\"en_GB\" \/>\n<meta property=\"og:type\" content=\"article\" \/>\n<meta property=\"og:title\" content=\"Newsletter - \u00c1rny\u00e9kol\u00e1s vez\u00e9rl\u00e9s\" \/>\n<meta property=\"og:url\" content=\"https:\/\/arnyekolasvezerles.hu\/en\/newsletter\/\" \/>\n<meta property=\"og:site_name\" content=\"\u00c1rny\u00e9kol\u00e1s vez\u00e9rl\u00e9s\" \/>\n<meta name=\"twitter:card\" content=\"summary_large_image\" \/>\n<script type=\"application\/ld+json\" class=\"yoast-schema-graph\">{\"@context\":\"https:\\\/\\\/schema.org\",\"@graph\":[{\"@type\":\"WebPage\",\"@id\":\"https:\\\/\\\/arnyekolasvezerles.hu\\\/newsletter\\\/\",\"url\":\"https:\\\/\\\/arnyekolasvezerles.hu\\\/newsletter\\\/\",\"name\":\"Newsletter - \u00c1rny\u00e9kol\u00e1s vez\u00e9rl\u00e9s\",\"isPartOf\":{\"@id\":\"https:\\\/\\\/arnyekolasvezerles.hu\\\/#website\"},\"datePublished\":\"2026-03-19T09:15:54+00:00\",\"breadcrumb\":{\"@id\":\"https:\\\/\\\/arnyekolasvezerles.hu\\\/newsletter\\\/#breadcrumb\"},\"inLanguage\":\"en-GB\",\"potentialAction\":[{\"@type\":\"ReadAction\",\"target\":[\"https:\\\/\\\/arnyekolasvezerles.hu\\\/newsletter\\\/\"]}]},{\"@type\":\"BreadcrumbList\",\"@id\":\"https:\\\/\\\/arnyekolasvezerles.hu\\\/newsletter\\\/#breadcrumb\",\"itemListElement\":[{\"@type\":\"ListItem\",\"position\":1,\"name\":\"Home\",\"item\":\"https:\\\/\\\/arnyekolasvezerles.hu\\\/\"},{\"@type\":\"ListItem\",\"position\":2,\"name\":\"Newsletter\"}]},{\"@type\":\"WebSite\",\"@id\":\"https:\\\/\\\/arnyekolasvezerles.hu\\\/#website\",\"url\":\"https:\\\/\\\/arnyekolasvezerles.hu\\\/\",\"name\":\"\u00c1rny\u00e9kol\u00e1s vez\u00e9rl\u00e9s\",\"description\":\"\",\"potentialAction\":[{\"@type\":\"SearchAction\",\"target\":{\"@type\":\"EntryPoint\",\"urlTemplate\":\"https:\\\/\\\/arnyekolasvezerles.hu\\\/?s={search_term_string}\"},\"query-input\":{\"@type\":\"PropertyValueSpecification\",\"valueRequired\":true,\"valueName\":\"search_term_string\"}}],\"inLanguage\":\"en-GB\"}]}<\/script>\n<!-- \/ Yoast SEO plugin. -->","yoast_head_json":{"title":"Newsletter - \u00c1rny\u00e9kol\u00e1s vez\u00e9rl\u00e9s","robots":{"index":"index","follow":"follow","max-snippet":"max-snippet:-1","max-image-preview":"max-image-preview:large","max-video-preview":"max-video-preview:-1"},"canonical":"https:\/\/arnyekolasvezerles.hu\/en\/newsletter\/","og_locale":"en_GB","og_type":"article","og_title":"Newsletter - \u00c1rny\u00e9kol\u00e1s vez\u00e9rl\u00e9s","og_url":"https:\/\/arnyekolasvezerles.hu\/en\/newsletter\/","og_site_name":"\u00c1rny\u00e9kol\u00e1s vez\u00e9rl\u00e9s","twitter_card":"summary_large_image","schema":{"@context":"https:\/\/schema.org","@graph":[{"@type":"WebPage","@id":"https:\/\/arnyekolasvezerles.hu\/newsletter\/","url":"https:\/\/arnyekolasvezerles.hu\/newsletter\/","name":"Newsletter - \u00c1rny\u00e9kol\u00e1s vez\u00e9rl\u00e9s","isPartOf":{"@id":"https:\/\/arnyekolasvezerles.hu\/#website"},"datePublished":"2026-03-19T09:15:54+00:00","breadcrumb":{"@id":"https:\/\/arnyekolasvezerles.hu\/newsletter\/#breadcrumb"},"inLanguage":"en-GB","potentialAction":[{"@type":"ReadAction","target":["https:\/\/arnyekolasvezerles.hu\/newsletter\/"]}]},{"@type":"BreadcrumbList","@id":"https:\/\/arnyekolasvezerles.hu\/newsletter\/#breadcrumb","itemListElement":[{"@type":"ListItem","position":1,"name":"Home","item":"https:\/\/arnyekolasvezerles.hu\/"},{"@type":"ListItem","position":2,"name":"Newsletter"}]},{"@type":"WebSite","@id":"https:\/\/arnyekolasvezerles.hu\/#website","url":"https:\/\/arnyekolasvezerles.hu\/","name":"\u00c1rny\u00e9kol\u00e1s vez\u00e9rl\u00e9s","description":"","potentialAction":[{"@type":"SearchAction","target":{"@type":"EntryPoint","urlTemplate":"https:\/\/arnyekolasvezerles.hu\/?s={search_term_string}"},"query-input":{"@type":"PropertyValueSpecification","valueRequired":true,"valueName":"search_term_string"}}],"inLanguage":"en-GB"}]}},"_links":{"self":[{"href":"https:\/\/arnyekolasvezerles.hu\/en\/wp-json\/wp\/v2\/pages\/2231","targetHints":{"allow":["GET"]}}],"collection":[{"href":"https:\/\/arnyekolasvezerles.hu\/en\/wp-json\/wp\/v2\/pages"}],"about":[{"href":"https:\/\/arnyekolasvezerles.hu\/en\/wp-json\/wp\/v2\/types\/page"}],"author":[{"embeddable":true,"href":"https:\/\/arnyekolasvezerles.hu\/en\/wp-json\/wp\/v2\/users\/3"}],"replies":[{"embeddable":true,"href":"https:\/\/arnyekolasvezerles.hu\/en\/wp-json\/wp\/v2\/comments?post=2231"}],"version-history":[{"count":0,"href":"https:\/\/arnyekolasvezerles.hu\/en\/wp-json\/wp\/v2\/pages\/2231\/revisions"}],"wp:attachment":[{"href":"https:\/\/arnyekolasvezerles.hu\/en\/wp-json\/wp\/v2\/media?parent=2231"}],"curies":[{"name":"wp","href":"https:\/\/api.w.org\/{rel}","templated":true}]}}