{"id":2215,"date":"2026-03-11T12:22:56","date_gmt":"2026-03-11T11:22:56","guid":{"rendered":"https:\/\/arnyekolasvezerles.hu\/?page_id=2215"},"modified":"2026-03-11T12:56:45","modified_gmt":"2026-03-11T11:56:45","slug":"cabledock","status":"publish","type":"page","link":"https:\/\/arnyekolasvezerles.hu\/en\/alkatreszek\/cabledock\/","title":{"rendered":"CableDock"},"content":{"rendered":"<p><div class=\"fusion-fullwidth fullwidth-box fusion-builder-row-1 fusion-parallax-none nonhundred-percent-fullwidth non-hundred-percent-height-scrolling\" style=\"--awb-border-radius-top-left:0px;--awb-border-radius-top-right:0px;--awb-border-radius-bottom-right:0px;--awb-border-radius-bottom-left:0px;--awb-background-image:url(&quot;https:\/\/arnyekolasvezerles.hu\/images\/header-termekek.jpg&quot;);--awb-background-size:cover;--awb-flex-wrap:wrap;\" ><div class=\"fusion-builder-row fusion-row\"><div class=\"fusion-layout-column fusion_builder_column fusion-builder-column-0 fusion_builder_column_1_2 1_2 fusion-one-half fusion-column-first\" style=\"--awb-bg-blend:overlay;--awb-bg-size:cover;width:50%;width:calc(50% - ( ( 4% ) * 0.5 ) );margin-right: 4%;\"><div class=\"fusion-column-wrapper fusion-flex-column-wrapper-legacy\"><div class=\"fusion-title title fusion-title-1 fusion-sep-none fusion-title-text fusion-title-size-one\" style=\"--awb-margin-top:100px;--awb-margin-bottom:50px;\"><h1 class=\"fusion-title-heading title-heading-left fusion-responsive-typography-calculated\" style=\"margin:0;--fontSize:60;line-height:1.33;\"><h1 class=\"title-heading-left\" data-fontsize=\"22\" data-lineheight=\"42\">Cable Dock &#8211; K\u00e1bel Dokkol\u00f3<\/h1><\/h1><\/div><div class=\"fusion-sep-clear\"><\/div><div class=\"fusion-separator fusion-clearfix\" style=\"float:left;margin-top:0px;margin-bottom:20px;width:100%;max-width:170px;\"><div class=\"fusion-separator-border sep-single sep-solid\" style=\"--awb-height:20px;--awb-amount:20px;--awb-sep-color:#ffffff;border-color:#ffffff;border-top-width:2px;\"><\/div><\/div><div class=\"fusion-sep-clear\"><\/div><div class=\"fusion-text fusion-text-1\"><h3><span style=\"color: #ffffff;\">16,5 \u00e9s 18 cm-es tokokhoz<\/span><\/h3>\n<\/div><div class=\"fusion-clearfix\"><\/div><\/div><\/div><div class=\"fusion-layout-column fusion_builder_column fusion-builder-column-1 fusion_builder_column_1_2 1_2 fusion-one-half fusion-column-last\" style=\"--awb-bg-blend:overlay;--awb-bg-size:cover;width:50%;width:calc(50% - ( ( 4% ) * 0.5 ) );\"><div class=\"fusion-column-wrapper fusion-flex-column-wrapper-legacy\"><div class=\"fusion-clearfix\"><\/div><\/div><\/div><\/div><\/div><div class=\"fusion-fullwidth fullwidth-box fusion-builder-row-2 nonhundred-percent-fullwidth non-hundred-percent-height-scrolling\" style=\"--awb-border-radius-top-left:0px;--awb-border-radius-top-right:0px;--awb-border-radius-bottom-right:0px;--awb-border-radius-bottom-left:0px;--awb-margin-top:70px;--awb-flex-wrap:wrap;\" ><div class=\"fusion-builder-row fusion-row\"><div class=\"fusion-layout-column fusion_builder_column fusion-builder-column-2 fusion_builder_column_1_2 1_2 fusion-one-half fusion-column-first\" style=\"--awb-bg-blend:overlay;--awb-bg-size:cover;width:50%;width:calc(50% - ( ( 4% ) * 0.5 ) );margin-right: 4%;\"><div class=\"fusion-column-wrapper fusion-flex-column-wrapper-legacy\"><div class=\"fusion-image-element fusion-image-align-center in-legacy-container\" style=\"text-align:center;--awb-caption-title-font-family:var(--h2_typography-font-family);--awb-caption-title-font-weight:var(--h2_typography-font-weight);--awb-caption-title-font-style:var(--h2_typography-font-style);--awb-caption-title-size:var(--h2_typography-font-size);--awb-caption-title-transform:var(--h2_typography-text-transform);--awb-caption-title-line-height:var(--h2_typography-line-height);--awb-caption-title-letter-spacing:var(--h2_typography-letter-spacing);\"><div class=\"imageframe-align-center\"><span class=\" fusion-imageframe imageframe-none imageframe-1 hover-type-zoomin fusion-animated\" data-animationType=\"fadeInDown\" data-animationDuration=\"1.0\" data-animationOffset=\"top-into-view\"><img decoding=\"async\" width=\"2560\" height=\"1920\" title=\"KD1\" src=\"https:\/\/arnyekolasvezerles.hu\/images\/KD1-scaled.jpeg\" alt class=\"img-responsive wp-image-2216\" srcset=\"https:\/\/arnyekolasvezerles.hu\/images\/KD1-200x150.jpeg 200w, https:\/\/arnyekolasvezerles.hu\/images\/KD1-400x300.jpeg 400w, https:\/\/arnyekolasvezerles.hu\/images\/KD1-600x450.jpeg 600w, https:\/\/arnyekolasvezerles.hu\/images\/KD1-800x600.jpeg 800w, https:\/\/arnyekolasvezerles.hu\/images\/KD1-1200x900.jpeg 1200w, https:\/\/arnyekolasvezerles.hu\/images\/KD1-scaled.jpeg 2560w\" sizes=\"(max-width: 800px) 100vw, 600px\" \/><\/span><\/div><\/div><div class=\"fusion-sep-clear\"><\/div><div class=\"fusion-separator fusion-clearfix\" style=\"float:left;margin-top:40px;margin-bottom:40px;width:100%;max-width:150px;\"><div class=\"fusion-separator-border sep-single sep-solid\" style=\"--awb-height:20px;--awb-amount:20px;--awb-sep-color:#e2e3e8;border-color:#e2e3e8;border-top-width:2px;\"><\/div><\/div><div class=\"fusion-sep-clear\"><\/div><div class=\"fusion-clearfix\"><\/div><\/div><\/div><div class=\"fusion-layout-column fusion_builder_column fusion-builder-column-3 fusion_builder_column_1_2 1_2 fusion-one-half fusion-column-last\" style=\"--awb-bg-blend:overlay;--awb-bg-size:cover;width:50%;width:calc(50% - ( ( 4% ) * 0.5 ) );\"><div class=\"fusion-column-wrapper fusion-flex-column-wrapper-legacy\"><ul style=\"--awb-size:15px;--awb-iconcolor:#f44336;--awb-line-height:25.5px;--awb-icon-width:25.5px;--awb-icon-height:25.5px;--awb-icon-margin:10.5px;--awb-content-margin:36px;--awb-circlecolor:rgba(255,255,255,0);--awb-circle-yes-font-size:13.2px;\" class=\"fusion-checklist fusion-checklist-1 fusion-checklist-default type-icons\"><li class=\"fusion-li-item\" style=\"\"><span class=\"icon-wrapper circle-yes\"><i class=\"fusion-li-icon fa-chevron-right fas\" aria-hidden=\"true\"><\/i><\/span><div class=\"fusion-li-item-content\">\n<p>Min\u0151s\u00e9gi m\u0171anyagb\u00f3l a pr\u00e9mium haszn\u00e1lathoz<\/p>\n<\/div><\/li><li class=\"fusion-li-item\" style=\"\"><span class=\"icon-wrapper circle-yes\"><i class=\"fusion-li-icon fa-chevron-right fas\" aria-hidden=\"true\"><\/i><\/span><div class=\"fusion-li-item-content\">\n<p>K\u00e1belek r\u00f6gz\u00edt\u00e9s\u00e9re kialak\u00edtott klipszekkel<\/p>\n<\/div><\/li><li class=\"fusion-li-item\" style=\"\"><span class=\"icon-wrapper circle-yes\"><i class=\"fusion-li-icon fa-chevron-right fas\" aria-hidden=\"true\"><\/i><\/span><div class=\"fusion-li-item-content\">\n<p>El\u00e9rhet\u0151 16,5 \u00e9s 18 cm-es tokokhoz<\/p>\n<\/div><\/li><li class=\"fusion-li-item\" style=\"\"><span class=\"icon-wrapper circle-yes\"><i class=\"fusion-li-icon fa-chevron-right fas\" aria-hidden=\"true\"><\/i><\/span><div class=\"fusion-li-item-content\">\n<p>K\u00f6zpontos\u00edtja \u00f6nmag\u00e1t a tokv\u00e9g tengelytart\u00f3j\u00e1n<\/p>\n<\/div><\/li><li class=\"fusion-li-item\" style=\"\"><span class=\"icon-wrapper circle-yes\"><i class=\"fusion-li-icon fa-chevron-right fas\" aria-hidden=\"true\"><\/i><\/span><div class=\"fusion-li-item-content\">\n<p>K\u00f6zpontos\u00edtja a cs\u0151motor felfogat\u00f3 talpat<\/p>\n<\/div><\/li><li class=\"fusion-li-item\" style=\"\"><span class=\"icon-wrapper circle-yes\"><i class=\"fusion-li-icon fa-chevron-right fas\" aria-hidden=\"true\"><\/i><\/span><div class=\"fusion-li-item-content\">\n<p>Tracon OVOTT44 k\u00e9tir\u00e1ny\u00fa vezet\u00e9k\u00f6sszek\u00f6t\u0151vel v\u00e1s\u00e1rolhat\u00f3 meg, az egyszer\u0171 szerel\u00e9s\u00e9rt<\/p>\n<\/div><\/li><li class=\"fusion-li-item\" style=\"\"><span class=\"icon-wrapper circle-yes\"><i class=\"fusion-li-icon fa-chevron-right fas\" aria-hidden=\"true\"><\/i><\/span><div class=\"fusion-li-item-content\">\n<p>Leegyszer\u0171s\u00edti, szisztematiz\u00e1lja, \u00e9s biztons\u00e1gosabb\u00e1 teszi a tokban val\u00f3 k\u00f6t\u00e9st.<\/p>\n<\/div><\/li><\/ul><div class=\"fusion-title title fusion-title-2 fusion-sep-none fusion-title-center fusion-title-text fusion-title-size-four\" style=\"--awb-margin-bottom:10px;\"><h4 class=\"fusion-title-heading title-heading-center fusion-responsive-typography-calculated\" style=\"margin:0;--fontSize:18;--minFontSize:18;line-height:2.11;\">Technikai inform\u00e1ci\u00f3k<\/h4><\/div><ul style=\"--awb-size:15px;--awb-iconcolor:#f44336;--awb-line-height:25.5px;--awb-icon-width:25.5px;--awb-icon-height:25.5px;--awb-icon-margin:10.5px;--awb-content-margin:36px;--awb-circlecolor:rgba(255,255,255,0);--awb-circle-yes-font-size:13.2px;\" class=\"fusion-checklist fusion-checklist-2 fusion-checklist-default type-icons\"><li class=\"fusion-li-item\" style=\"\"><span class=\"icon-wrapper circle-yes\"><i class=\"fusion-li-icon fa-chevron-right fas\" aria-hidden=\"true\"><\/i><\/span><div class=\"fusion-li-item-content\">\n<p>K\u00f6zpontos\u00edtott r\u00f6gz\u00edt\u00e9s<\/p>\n<\/div><\/li><li class=\"fusion-li-item\" style=\"\"><span class=\"icon-wrapper circle-yes\"><i class=\"fusion-li-icon fa-chevron-right fas\" aria-hidden=\"true\"><\/i><\/span><div class=\"fusion-li-item-content\">\n<p>Ak\u00e1r 3 X 1,5-\u00f6s MBCU k\u00e1belhez is<\/p>\n<\/div><\/li><li class=\"fusion-li-item\" style=\"\"><span class=\"icon-wrapper circle-yes\"><i class=\"fusion-li-icon fa-chevron-right fas\" aria-hidden=\"true\"><\/i><\/span><div class=\"fusion-li-item-content\">\n<p>A test anyaga kib\u00edrja a csavaroz\u00e1st, popszegecsel\u00e9st<\/p>\n<\/div><\/li><li class=\"fusion-li-item\" style=\"\"><span class=\"icon-wrapper circle-yes\"><i class=\"fusion-li-icon fa-chevron-right fas\" aria-hidden=\"true\"><\/i><\/span><div class=\"fusion-li-item-content\">\n<p>\u00c9rint\u00e9sv\u00e9delmileg kiv\u00e1l\u00f3 megold\u00e1s<\/p>\n<\/div><\/li><li class=\"fusion-li-item\" style=\"\"><span class=\"icon-wrapper circle-yes\"><i class=\"fusion-li-icon fa-chevron-right fas\" aria-hidden=\"true\"><\/i><\/span><div class=\"fusion-li-item-content\">\n<p>Nagyon er\u0151s k\u00e1beltart\u00f3k<\/p>\n<\/div><\/li><\/ul><div class=\"fusion-sep-clear\"><\/div><div class=\"fusion-separator fusion-clearfix\" style=\"float:left;margin-top:40px;margin-bottom:40px;width:100%;max-width:150px;\"><div class=\"fusion-separator-border sep-single sep-solid\" style=\"--awb-height:20px;--awb-amount:20px;--awb-sep-color:#e2e3e8;border-color:#e2e3e8;border-top-width:2px;\"><\/div><\/div><div class=\"fusion-sep-clear\"><\/div><div class=\"fusion-clearfix\"><\/div><\/div><\/div><\/div><\/div><div class=\"fusion-fullwidth fullwidth-box fusion-builder-row-3 nonhundred-percent-fullwidth non-hundred-percent-height-scrolling\" style=\"--awb-border-radius-top-left:0px;--awb-border-radius-top-right:0px;--awb-border-radius-bottom-right:0px;--awb-border-radius-bottom-left:0px;--awb-flex-wrap:wrap;\" ><div class=\"fusion-builder-row fusion-row\"><div class=\"fusion-layout-column fusion_builder_column fusion-builder-column-4 fusion_builder_column_1_3 1_3 fusion-one-third fusion-column-first\" style=\"--awb-bg-blend:overlay;--awb-bg-size:cover;width:33.333333333333%;width:calc(33.333333333333% - ( ( 4% + 4% ) * 0.33333333333333 ) );margin-right: 4%;\"><div class=\"fusion-column-wrapper fusion-flex-column-wrapper-legacy\"><div class=\"fusion-image-element fusion-image-align-center in-legacy-container\" style=\"text-align:center;--awb-aspect-ratio:5 \/ 4;--awb-object-position:40% 65%;--awb-caption-title-font-family:var(--h2_typography-font-family);--awb-caption-title-font-weight:var(--h2_typography-font-weight);--awb-caption-title-font-style:var(--h2_typography-font-style);--awb-caption-title-size:var(--h2_typography-font-size);--awb-caption-title-transform:var(--h2_typography-text-transform);--awb-caption-title-line-height:var(--h2_typography-line-height);--awb-caption-title-letter-spacing:var(--h2_typography-letter-spacing);\"><div class=\"imageframe-align-center\"><span class=\" fusion-imageframe imageframe-none imageframe-2 hover-type-zoomin has-aspect-ratio fusion-animated\" data-animationType=\"fadeInDown\" data-animationDuration=\"1.0\" data-animationOffset=\"top-into-view\"><a href=\"https:\/\/arnyekolasvezerles.hu\/images\/KD4-scaled-e1773228103117.jpeg\" class=\"fusion-lightbox\" data-rel=\"iLightbox[eef985ea292d07c8930]\" data-title=\"KD4\" title=\"KD4\"><img decoding=\"async\" width=\"1440\" height=\"1920\" src=\"https:\/\/arnyekolasvezerles.hu\/images\/KD4-scaled-e1773228103117.jpeg\" class=\"img-responsive wp-image-2219 img-with-aspect-ratio\" alt \/><\/a><\/span><\/div><\/div><div class=\"fusion-clearfix\"><\/div><\/div><\/div><div class=\"fusion-layout-column fusion_builder_column fusion-builder-column-5 fusion_builder_column_1_3 1_3 fusion-one-third\" style=\"--awb-bg-blend:overlay;--awb-bg-size:cover;width:33.333333333333%;width:calc(33.333333333333% - ( ( 4% + 4% ) * 0.33333333333333 ) );margin-right: 4%;\"><div class=\"fusion-column-wrapper fusion-flex-column-wrapper-legacy\"><div class=\"fusion-image-element fusion-image-align-center in-legacy-container\" style=\"text-align:center;--awb-caption-title-font-family:var(--h2_typography-font-family);--awb-caption-title-font-weight:var(--h2_typography-font-weight);--awb-caption-title-font-style:var(--h2_typography-font-style);--awb-caption-title-size:var(--h2_typography-font-size);--awb-caption-title-transform:var(--h2_typography-text-transform);--awb-caption-title-line-height:var(--h2_typography-line-height);--awb-caption-title-letter-spacing:var(--h2_typography-letter-spacing);\"><div class=\"imageframe-align-center\"><span class=\" fusion-imageframe imageframe-none imageframe-3 hover-type-zoomin fusion-animated\" data-animationType=\"fadeInDown\" data-animationDuration=\"1.0\" data-animationOffset=\"top-into-view\"><a href=\"https:\/\/arnyekolasvezerles.hu\/images\/KD2-scaled.jpeg\" class=\"fusion-lightbox\" data-rel=\"iLightbox[6858d8096aabac34c69]\" data-title=\"KD2\" title=\"KD2\"><img decoding=\"async\" width=\"2560\" height=\"1920\" src=\"https:\/\/arnyekolasvezerles.hu\/images\/KD2-scaled.jpeg\" alt class=\"img-responsive wp-image-2217\" srcset=\"https:\/\/arnyekolasvezerles.hu\/images\/KD2-200x150.jpeg 200w, https:\/\/arnyekolasvezerles.hu\/images\/KD2-400x300.jpeg 400w, https:\/\/arnyekolasvezerles.hu\/images\/KD2-600x450.jpeg 600w, https:\/\/arnyekolasvezerles.hu\/images\/KD2-800x600.jpeg 800w, https:\/\/arnyekolasvezerles.hu\/images\/KD2-1200x900.jpeg 1200w, https:\/\/arnyekolasvezerles.hu\/images\/KD2-scaled.jpeg 2560w\" sizes=\"(max-width: 800px) 100vw, 400px\" \/><\/a><\/span><\/div><\/div><div class=\"fusion-clearfix\"><\/div><\/div><\/div><div class=\"fusion-layout-column fusion_builder_column fusion-builder-column-6 fusion_builder_column_1_3 1_3 fusion-one-third fusion-column-last\" style=\"--awb-bg-blend:overlay;--awb-bg-size:cover;width:33.333333333333%;width:calc(33.333333333333% - ( ( 4% + 4% ) * 0.33333333333333 ) );\"><div class=\"fusion-column-wrapper fusion-flex-column-wrapper-legacy\"><div class=\"fusion-image-element fusion-image-align-center in-legacy-container\" style=\"text-align:center;--awb-caption-title-font-family:var(--h2_typography-font-family);--awb-caption-title-font-weight:var(--h2_typography-font-weight);--awb-caption-title-font-style:var(--h2_typography-font-style);--awb-caption-title-size:var(--h2_typography-font-size);--awb-caption-title-transform:var(--h2_typography-text-transform);--awb-caption-title-line-height:var(--h2_typography-line-height);--awb-caption-title-letter-spacing:var(--h2_typography-letter-spacing);\"><div class=\"imageframe-align-center\"><span class=\" fusion-imageframe imageframe-none imageframe-4 hover-type-zoomin fusion-animated\" data-animationType=\"fadeInDown\" data-animationDuration=\"1.0\" data-animationOffset=\"top-into-view\"><a href=\"https:\/\/arnyekolasvezerles.hu\/images\/KD3-scaled.jpeg\" class=\"fusion-lightbox\" data-rel=\"iLightbox[71bcf672c6435ffbc55]\" data-title=\"KD3\" title=\"KD3\"><img decoding=\"async\" width=\"2560\" height=\"2560\" src=\"https:\/\/arnyekolasvezerles.hu\/images\/KD3-scaled.jpeg\" alt class=\"img-responsive wp-image-2218\" srcset=\"https:\/\/arnyekolasvezerles.hu\/images\/KD3-200x200.jpeg 200w, https:\/\/arnyekolasvezerles.hu\/images\/KD3-400x400.jpeg 400w, https:\/\/arnyekolasvezerles.hu\/images\/KD3-600x600.jpeg 600w, https:\/\/arnyekolasvezerles.hu\/images\/KD3-800x800.jpeg 800w, https:\/\/arnyekolasvezerles.hu\/images\/KD3-1200x1200.jpeg 1200w, https:\/\/arnyekolasvezerles.hu\/images\/KD3-scaled.jpeg 2560w\" sizes=\"(max-width: 800px) 100vw, 400px\" \/><\/a><\/span><\/div><\/div><div class=\"fusion-clearfix\"><\/div><\/div><\/div><\/div><\/div><div class=\"fusion-fullwidth fullwidth-box fusion-builder-row-4 nonhundred-percent-fullwidth non-hundred-percent-height-scrolling\" style=\"--awb-border-radius-top-left:0px;--awb-border-radius-top-right:0px;--awb-border-radius-bottom-right:0px;--awb-border-radius-bottom-left:0px;--awb-flex-wrap:wrap;\" ><div class=\"fusion-builder-row fusion-row\"><div class=\"fusion-layout-column fusion_builder_column fusion-builder-column-7 fusion_builder_column_1_1 1_1 fusion-one-full fusion-column-first fusion-column-last\" style=\"--awb-bg-blend:overlay;--awb-bg-size:cover;\"><div class=\"fusion-column-wrapper fusion-flex-column-wrapper-legacy\"><div class=\"fusion-image-element fusion-image-align-center in-legacy-container\" style=\"text-align:center;--awb-caption-title-font-family:var(--h2_typography-font-family);--awb-caption-title-font-weight:var(--h2_typography-font-weight);--awb-caption-title-font-style:var(--h2_typography-font-style);--awb-caption-title-size:var(--h2_typography-font-size);--awb-caption-title-transform:var(--h2_typography-text-transform);--awb-caption-title-line-height:var(--h2_typography-line-height);--awb-caption-title-letter-spacing:var(--h2_typography-letter-spacing);\"><div class=\"imageframe-align-center\"><span class=\" fusion-imageframe imageframe-none imageframe-5 hover-type-none\"><img decoding=\"async\" width=\"416\" height=\"235\" title=\"matrica\" src=\"https:\/\/arnyekolasvezerles.hu\/images\/matrica.png\" alt class=\"img-responsive wp-image-2220\" srcset=\"https:\/\/arnyekolasvezerles.hu\/images\/matrica-200x113.png 200w, https:\/\/arnyekolasvezerles.hu\/images\/matrica-400x226.png 400w, https:\/\/arnyekolasvezerles.hu\/images\/matrica.png 416w\" sizes=\"(max-width: 800px) 100vw, 416px\" \/><\/span><\/div><\/div><div class=\"fusion-clearfix\"><\/div><\/div><\/div><\/div><\/div><\/p>\n","protected":false},"excerpt":{"rendered":"","protected":false},"author":3,"featured_media":0,"parent":1172,"menu_order":0,"comment_status":"closed","ping_status":"closed","template":"100-width.php","meta":{"footnotes":""},"class_list":["post-2215","page","type-page","status-publish","hentry"],"yoast_head":"<!-- This site is optimized with the Yoast SEO plugin v27.4 - https:\/\/yoast.com\/product\/yoast-seo-wordpress\/ -->\n<title>CableDock - \u00c1rny\u00e9kol\u00e1s vez\u00e9rl\u00e9s<\/title>\n<meta name=\"description\" content=\"K\u00e1bel Dokkol\u00f3 - Pr\u00e9mium k\u00e1belrendez\u0151 red\u0151ny tokv\u00e9ghez, k\u00e9tir\u00e1ny\u00fa k\u00e1bel\u00f6sszek\u00f6t\u0151vel. Egyszer\u0171 kivitelez\u00e9s, letisztult be\u00e9p\u00edt\u00e9s, megb\u00edzhat\u00f3s\u00e1g\" \/>\n<meta name=\"robots\" content=\"index, follow, max-snippet:-1, max-image-preview:large, max-video-preview:-1\" \/>\n<link rel=\"canonical\" href=\"https:\/\/arnyekolasvezerles.hu\/en\/alkatreszek\/cabledock\/\" \/>\n<meta property=\"og:locale\" content=\"en_GB\" \/>\n<meta property=\"og:type\" content=\"article\" \/>\n<meta property=\"og:title\" content=\"CableDock - \u00c1rny\u00e9kol\u00e1s vez\u00e9rl\u00e9s\" \/>\n<meta property=\"og:description\" content=\"K\u00e1bel Dokkol\u00f3 - Pr\u00e9mium k\u00e1belrendez\u0151 red\u0151ny tokv\u00e9ghez, k\u00e9tir\u00e1ny\u00fa k\u00e1bel\u00f6sszek\u00f6t\u0151vel. Egyszer\u0171 kivitelez\u00e9s, letisztult be\u00e9p\u00edt\u00e9s, megb\u00edzhat\u00f3s\u00e1g\" \/>\n<meta property=\"og:url\" content=\"https:\/\/arnyekolasvezerles.hu\/en\/alkatreszek\/cabledock\/\" \/>\n<meta property=\"og:site_name\" content=\"\u00c1rny\u00e9kol\u00e1s vez\u00e9rl\u00e9s\" \/>\n<meta property=\"article:modified_time\" content=\"2026-03-11T11:56:45+00:00\" \/>\n<meta name=\"twitter:card\" content=\"summary_large_image\" \/>\n<meta name=\"twitter:label1\" content=\"Estimated reading time\" \/>\n\t<meta name=\"twitter:data1\" content=\"2 minutes\" \/>\n<script type=\"application\/ld+json\" class=\"yoast-schema-graph\">{\"@context\":\"https:\\\/\\\/schema.org\",\"@graph\":[{\"@type\":\"WebPage\",\"@id\":\"https:\\\/\\\/arnyekolasvezerles.hu\\\/alkatreszek\\\/cabledock\\\/\",\"url\":\"https:\\\/\\\/arnyekolasvezerles.hu\\\/alkatreszek\\\/cabledock\\\/\",\"name\":\"CableDock - \u00c1rny\u00e9kol\u00e1s vez\u00e9rl\u00e9s\",\"isPartOf\":{\"@id\":\"https:\\\/\\\/arnyekolasvezerles.hu\\\/#website\"},\"datePublished\":\"2026-03-11T11:22:56+00:00\",\"dateModified\":\"2026-03-11T11:56:45+00:00\",\"description\":\"K\u00e1bel Dokkol\u00f3 - Pr\u00e9mium k\u00e1belrendez\u0151 red\u0151ny tokv\u00e9ghez, k\u00e9tir\u00e1ny\u00fa k\u00e1bel\u00f6sszek\u00f6t\u0151vel. Egyszer\u0171 kivitelez\u00e9s, letisztult be\u00e9p\u00edt\u00e9s, megb\u00edzhat\u00f3s\u00e1g\",\"breadcrumb\":{\"@id\":\"https:\\\/\\\/arnyekolasvezerles.hu\\\/alkatreszek\\\/cabledock\\\/#breadcrumb\"},\"inLanguage\":\"en-GB\",\"potentialAction\":[{\"@type\":\"ReadAction\",\"target\":[\"https:\\\/\\\/arnyekolasvezerles.hu\\\/alkatreszek\\\/cabledock\\\/\"]}]},{\"@type\":\"BreadcrumbList\",\"@id\":\"https:\\\/\\\/arnyekolasvezerles.hu\\\/alkatreszek\\\/cabledock\\\/#breadcrumb\",\"itemListElement\":[{\"@type\":\"ListItem\",\"position\":1,\"name\":\"Home\",\"item\":\"https:\\\/\\\/arnyekolasvezerles.hu\\\/\"},{\"@type\":\"ListItem\",\"position\":2,\"name\":\"Alkatr\u00e9szek\",\"item\":\"https:\\\/\\\/arnyekolasvezerles.hu\\\/alkatreszek\\\/\"},{\"@type\":\"ListItem\",\"position\":3,\"name\":\"CableDock\"}]},{\"@type\":\"WebSite\",\"@id\":\"https:\\\/\\\/arnyekolasvezerles.hu\\\/#website\",\"url\":\"https:\\\/\\\/arnyekolasvezerles.hu\\\/\",\"name\":\"\u00c1rny\u00e9kol\u00e1s vez\u00e9rl\u00e9s\",\"description\":\"\",\"potentialAction\":[{\"@type\":\"SearchAction\",\"target\":{\"@type\":\"EntryPoint\",\"urlTemplate\":\"https:\\\/\\\/arnyekolasvezerles.hu\\\/?s={search_term_string}\"},\"query-input\":{\"@type\":\"PropertyValueSpecification\",\"valueRequired\":true,\"valueName\":\"search_term_string\"}}],\"inLanguage\":\"en-GB\"}]}<\/script>\n<!-- \/ Yoast SEO plugin. -->","yoast_head_json":{"title":"CableDock - \u00c1rny\u00e9kol\u00e1s vez\u00e9rl\u00e9s","description":"K\u00e1bel Dokkol\u00f3 - Pr\u00e9mium k\u00e1belrendez\u0151 red\u0151ny tokv\u00e9ghez, k\u00e9tir\u00e1ny\u00fa k\u00e1bel\u00f6sszek\u00f6t\u0151vel. Egyszer\u0171 kivitelez\u00e9s, letisztult be\u00e9p\u00edt\u00e9s, megb\u00edzhat\u00f3s\u00e1g","robots":{"index":"index","follow":"follow","max-snippet":"max-snippet:-1","max-image-preview":"max-image-preview:large","max-video-preview":"max-video-preview:-1"},"canonical":"https:\/\/arnyekolasvezerles.hu\/en\/alkatreszek\/cabledock\/","og_locale":"en_GB","og_type":"article","og_title":"CableDock - \u00c1rny\u00e9kol\u00e1s vez\u00e9rl\u00e9s","og_description":"K\u00e1bel Dokkol\u00f3 - Pr\u00e9mium k\u00e1belrendez\u0151 red\u0151ny tokv\u00e9ghez, k\u00e9tir\u00e1ny\u00fa k\u00e1bel\u00f6sszek\u00f6t\u0151vel. Egyszer\u0171 kivitelez\u00e9s, letisztult be\u00e9p\u00edt\u00e9s, megb\u00edzhat\u00f3s\u00e1g","og_url":"https:\/\/arnyekolasvezerles.hu\/en\/alkatreszek\/cabledock\/","og_site_name":"\u00c1rny\u00e9kol\u00e1s vez\u00e9rl\u00e9s","article_modified_time":"2026-03-11T11:56:45+00:00","twitter_card":"summary_large_image","twitter_misc":{"Estimated reading time":"2 minutes"},"schema":{"@context":"https:\/\/schema.org","@graph":[{"@type":"WebPage","@id":"https:\/\/arnyekolasvezerles.hu\/alkatreszek\/cabledock\/","url":"https:\/\/arnyekolasvezerles.hu\/alkatreszek\/cabledock\/","name":"CableDock - \u00c1rny\u00e9kol\u00e1s vez\u00e9rl\u00e9s","isPartOf":{"@id":"https:\/\/arnyekolasvezerles.hu\/#website"},"datePublished":"2026-03-11T11:22:56+00:00","dateModified":"2026-03-11T11:56:45+00:00","description":"K\u00e1bel Dokkol\u00f3 - Pr\u00e9mium k\u00e1belrendez\u0151 red\u0151ny tokv\u00e9ghez, k\u00e9tir\u00e1ny\u00fa k\u00e1bel\u00f6sszek\u00f6t\u0151vel. Egyszer\u0171 kivitelez\u00e9s, letisztult be\u00e9p\u00edt\u00e9s, megb\u00edzhat\u00f3s\u00e1g","breadcrumb":{"@id":"https:\/\/arnyekolasvezerles.hu\/alkatreszek\/cabledock\/#breadcrumb"},"inLanguage":"en-GB","potentialAction":[{"@type":"ReadAction","target":["https:\/\/arnyekolasvezerles.hu\/alkatreszek\/cabledock\/"]}]},{"@type":"BreadcrumbList","@id":"https:\/\/arnyekolasvezerles.hu\/alkatreszek\/cabledock\/#breadcrumb","itemListElement":[{"@type":"ListItem","position":1,"name":"Home","item":"https:\/\/arnyekolasvezerles.hu\/"},{"@type":"ListItem","position":2,"name":"Alkatr\u00e9szek","item":"https:\/\/arnyekolasvezerles.hu\/alkatreszek\/"},{"@type":"ListItem","position":3,"name":"CableDock"}]},{"@type":"WebSite","@id":"https:\/\/arnyekolasvezerles.hu\/#website","url":"https:\/\/arnyekolasvezerles.hu\/","name":"\u00c1rny\u00e9kol\u00e1s vez\u00e9rl\u00e9s","description":"","potentialAction":[{"@type":"SearchAction","target":{"@type":"EntryPoint","urlTemplate":"https:\/\/arnyekolasvezerles.hu\/?s={search_term_string}"},"query-input":{"@type":"PropertyValueSpecification","valueRequired":true,"valueName":"search_term_string"}}],"inLanguage":"en-GB"}]}},"_links":{"self":[{"href":"https:\/\/arnyekolasvezerles.hu\/en\/wp-json\/wp\/v2\/pages\/2215","targetHints":{"allow":["GET"]}}],"collection":[{"href":"https:\/\/arnyekolasvezerles.hu\/en\/wp-json\/wp\/v2\/pages"}],"about":[{"href":"https:\/\/arnyekolasvezerles.hu\/en\/wp-json\/wp\/v2\/types\/page"}],"author":[{"embeddable":true,"href":"https:\/\/arnyekolasvezerles.hu\/en\/wp-json\/wp\/v2\/users\/3"}],"replies":[{"embeddable":true,"href":"https:\/\/arnyekolasvezerles.hu\/en\/wp-json\/wp\/v2\/comments?post=2215"}],"version-history":[{"count":6,"href":"https:\/\/arnyekolasvezerles.hu\/en\/wp-json\/wp\/v2\/pages\/2215\/revisions"}],"predecessor-version":[{"id":2228,"href":"https:\/\/arnyekolasvezerles.hu\/en\/wp-json\/wp\/v2\/pages\/2215\/revisions\/2228"}],"up":[{"embeddable":true,"href":"https:\/\/arnyekolasvezerles.hu\/en\/wp-json\/wp\/v2\/pages\/1172"}],"wp:attachment":[{"href":"https:\/\/arnyekolasvezerles.hu\/en\/wp-json\/wp\/v2\/media?parent=2215"}],"curies":[{"name":"wp","href":"https:\/\/api.w.org\/{rel}","templated":true}]}}