{"id":1840,"date":"2018-08-28T11:35:21","date_gmt":"2018-08-28T09:35:21","guid":{"rendered":"https:\/\/arnyekolasvezerles.hu\/adatvedelmi-kozpont\/impresszum\/"},"modified":"2019-08-28T05:53:45","modified_gmt":"2019-08-28T03:53:45","slug":"impresszum","status":"publish","type":"page","link":"https:\/\/arnyekolasvezerles.hu\/en\/adatvedelmi-kozpont\/impresszum\/","title":{"rendered":"Impresszum"},"content":{"rendered":"<h3><b>Az Adatkezel\u0151 adatai<\/b><\/h3>\n<p><b>Az adatkezel\u0151 neve:\u00a0<\/b><span style=\"font-weight: 400;\">\u00a0R-NIM Korl\u00e1tolt Felel\u0151ss\u00e9g\u0171 T\u00e1rsas\u00e1g<\/span><span style=\"font-weight: 400;\"><br \/>\n<\/span><b>Az adatkezel\u0151 r\u00f6vid\u00edtett neve:<\/b><span style=\"font-weight: 400;\">\u00a0R-NIM KFT.<\/span><span style=\"font-weight: 400;\"><br \/>\n<\/span><b>Az adatkezel\u0151 sz\u00e9khelye:<\/b><span style=\"font-weight: 400;\">\u00a02615 Cs\u0151v\u00e1r, \u00c1rp\u00e1d \u00fat 43.<\/span><span style=\"font-weight: 400;\"><br \/>\n<\/span><b>Az adatkezel\u0151 postac\u00edme:<\/b><span style=\"font-weight: 400;\">\u00a02615 Cs\u0151v\u00e1r, \u00c1rp\u00e1d \u00fat 43.<\/span><span style=\"font-weight: 400;\"><br \/>\n<\/span><b>Az adatkezel\u0151 e-mail c\u00edme:<\/b><span style=\"font-weight: 400;\">\u00a0iroda@revolution-system.hu<\/span><span style=\"font-weight: 400;\"><br \/>\n<\/span><b>Az adatkezel\u0151 c\u00e9gb\u00edr\u00f3s\u00e1gi bejegyz\u00e9si sz\u00e1ma:<\/b><span style=\"font-weight: 400;\">\u00a013 09 186075<\/span><span style=\"font-weight: 400;\"><br \/>\n<\/span><b>Az adatkezel\u0151 ad\u00f3sz\u00e1ma:<\/b><span style=\"font-weight: 400;\">\u00a024304360-2-13<\/span><\/p>\n<p><b>A t\u00e1rhelyszolg\u00e1ltat\u00f3 adatai<\/b><\/p>\n<p><b>Wakelite Kft.<\/b><span style=\"font-weight: 400;\"><br \/>\n<\/span><span style=\"font-weight: 400;\">Sz\u00e9khelye: 9700 Szombathely, Bezer\u00e9di A. u. 5.<\/span><span style=\"font-weight: 400;\"><br \/>\n<\/span><span style=\"font-weight: 400;\">C\u00e9gjegyz\u00e9ksz\u00e1ma: 18-09-111137<\/span><span style=\"font-weight: 400;\"><br \/>\n<\/span><span style=\"font-weight: 400;\">Ad\u00f3sz\u00e1m: 23974874-2-1<\/span><\/p>","protected":false},"excerpt":{"rendered":"<p>Az Adatkezel\u0151 adatai Az adatkezel\u0151 neve:\u00a0\u00a0R-NIM Korl\u00e1tolt Felel\u0151ss\u00e9g\u0171 T\u00e1rsas\u00e1g Az adatkezel\u0151 r\u00f6vid\u00edtett neve:\u00a0R-NIM KFT. Az adatkezel\u0151 sz\u00e9khelye:\u00a02615 Cs\u0151v\u00e1r, \u00c1rp\u00e1d \u00fat 43. Az adatkezel\u0151 postac\u00edme:\u00a02615 Cs\u0151v\u00e1r, \u00c1rp\u00e1d \u00fat 43. Az adatkezel\u0151 e-mail c\u00edme:\u00a0iroda@revolution-system.hu Az adatkezel\u0151 c\u00e9gb\u00edr\u00f3s\u00e1gi bejegyz\u00e9si sz\u00e1ma:\u00a013 09 186075 Az adatkezel\u0151 ad\u00f3sz\u00e1ma:\u00a024304360-2-13 A t\u00e1rhelyszolg\u00e1ltat\u00f3 adatai Wakelite Kft. Sz\u00e9khelye: 9700 Szombathely, Bezer\u00e9di A. u. 5. C\u00e9gjegyz\u00e9ksz\u00e1ma: [&hellip;]<\/p>\n","protected":false},"author":1,"featured_media":0,"parent":1833,"menu_order":0,"comment_status":"closed","ping_status":"closed","template":"","meta":{"footnotes":""},"class_list":["post-1840","page","type-page","status-publish","hentry"],"yoast_head":"<!-- This site is optimized with the Yoast SEO plugin v27.5 - https:\/\/yoast.com\/product\/yoast-seo-wordpress\/ -->\n<title>Impresszum - \u00c1rny\u00e9kol\u00e1s vez\u00e9rl\u00e9s<\/title>\n<meta name=\"robots\" content=\"index, follow, max-snippet:-1, max-image-preview:large, max-video-preview:-1\" \/>\n<link rel=\"canonical\" href=\"https:\/\/arnyekolasvezerles.hu\/en\/adatvedelmi-kozpont\/impresszum\/\" \/>\n<meta property=\"og:locale\" content=\"en_GB\" \/>\n<meta property=\"og:type\" content=\"article\" \/>\n<meta property=\"og:title\" content=\"Impresszum - \u00c1rny\u00e9kol\u00e1s vez\u00e9rl\u00e9s\" \/>\n<meta property=\"og:description\" content=\"Az Adatkezel\u0151 adatai Az adatkezel\u0151 neve:\u00a0\u00a0R-NIM Korl\u00e1tolt Felel\u0151ss\u00e9g\u0171 T\u00e1rsas\u00e1g Az adatkezel\u0151 r\u00f6vid\u00edtett neve:\u00a0R-NIM KFT. Az adatkezel\u0151 sz\u00e9khelye:\u00a02615 Cs\u0151v\u00e1r, \u00c1rp\u00e1d \u00fat 43. Az adatkezel\u0151 postac\u00edme:\u00a02615 Cs\u0151v\u00e1r, \u00c1rp\u00e1d \u00fat 43. Az adatkezel\u0151 e-mail c\u00edme:\u00a0iroda@revolution-system.hu Az adatkezel\u0151 c\u00e9gb\u00edr\u00f3s\u00e1gi bejegyz\u00e9si sz\u00e1ma:\u00a013 09 186075 Az adatkezel\u0151 ad\u00f3sz\u00e1ma:\u00a024304360-2-13 A t\u00e1rhelyszolg\u00e1ltat\u00f3 adatai Wakelite Kft. Sz\u00e9khelye: 9700 Szombathely, Bezer\u00e9di A. u. 5. C\u00e9gjegyz\u00e9ksz\u00e1ma: [&hellip;]\" \/>\n<meta property=\"og:url\" content=\"https:\/\/arnyekolasvezerles.hu\/en\/adatvedelmi-kozpont\/impresszum\/\" \/>\n<meta property=\"og:site_name\" content=\"\u00c1rny\u00e9kol\u00e1s vez\u00e9rl\u00e9s\" \/>\n<meta property=\"article:modified_time\" content=\"2019-08-28T03:53:45+00:00\" \/>\n<meta name=\"twitter:card\" content=\"summary_large_image\" \/>\n<script type=\"application\/ld+json\" class=\"yoast-schema-graph\">{\"@context\":\"https:\\\/\\\/schema.org\",\"@graph\":[{\"@type\":\"WebPage\",\"@id\":\"https:\\\/\\\/arnyekolasvezerles.hu\\\/adatvedelmi-kozpont\\\/impresszum\\\/\",\"url\":\"https:\\\/\\\/arnyekolasvezerles.hu\\\/adatvedelmi-kozpont\\\/impresszum\\\/\",\"name\":\"Impresszum - \u00c1rny\u00e9kol\u00e1s vez\u00e9rl\u00e9s\",\"isPartOf\":{\"@id\":\"https:\\\/\\\/arnyekolasvezerles.hu\\\/#website\"},\"datePublished\":\"2018-08-28T09:35:21+00:00\",\"dateModified\":\"2019-08-28T03:53:45+00:00\",\"breadcrumb\":{\"@id\":\"https:\\\/\\\/arnyekolasvezerles.hu\\\/adatvedelmi-kozpont\\\/impresszum\\\/#breadcrumb\"},\"inLanguage\":\"en-GB\",\"potentialAction\":[{\"@type\":\"ReadAction\",\"target\":[\"https:\\\/\\\/arnyekolasvezerles.hu\\\/adatvedelmi-kozpont\\\/impresszum\\\/\"]}]},{\"@type\":\"BreadcrumbList\",\"@id\":\"https:\\\/\\\/arnyekolasvezerles.hu\\\/adatvedelmi-kozpont\\\/impresszum\\\/#breadcrumb\",\"itemListElement\":[{\"@type\":\"ListItem\",\"position\":1,\"name\":\"Home\",\"item\":\"https:\\\/\\\/arnyekolasvezerles.hu\\\/\"},{\"@type\":\"ListItem\",\"position\":2,\"name\":\"Adatv\u00e9delmi k\u00f6zpont\",\"item\":\"https:\\\/\\\/arnyekolasvezerles.hu\\\/adatvedelmi-kozpont\\\/\"},{\"@type\":\"ListItem\",\"position\":3,\"name\":\"Impresszum\"}]},{\"@type\":\"WebSite\",\"@id\":\"https:\\\/\\\/arnyekolasvezerles.hu\\\/#website\",\"url\":\"https:\\\/\\\/arnyekolasvezerles.hu\\\/\",\"name\":\"\u00c1rny\u00e9kol\u00e1s vez\u00e9rl\u00e9s\",\"description\":\"\",\"potentialAction\":[{\"@type\":\"SearchAction\",\"target\":{\"@type\":\"EntryPoint\",\"urlTemplate\":\"https:\\\/\\\/arnyekolasvezerles.hu\\\/?s={search_term_string}\"},\"query-input\":{\"@type\":\"PropertyValueSpecification\",\"valueRequired\":true,\"valueName\":\"search_term_string\"}}],\"inLanguage\":\"en-GB\"}]}<\/script>\n<!-- \/ Yoast SEO plugin. -->","yoast_head_json":{"title":"Impresszum - \u00c1rny\u00e9kol\u00e1s vez\u00e9rl\u00e9s","robots":{"index":"index","follow":"follow","max-snippet":"max-snippet:-1","max-image-preview":"max-image-preview:large","max-video-preview":"max-video-preview:-1"},"canonical":"https:\/\/arnyekolasvezerles.hu\/en\/adatvedelmi-kozpont\/impresszum\/","og_locale":"en_GB","og_type":"article","og_title":"Impresszum - \u00c1rny\u00e9kol\u00e1s vez\u00e9rl\u00e9s","og_description":"Az Adatkezel\u0151 adatai Az adatkezel\u0151 neve:\u00a0\u00a0R-NIM Korl\u00e1tolt Felel\u0151ss\u00e9g\u0171 T\u00e1rsas\u00e1g Az adatkezel\u0151 r\u00f6vid\u00edtett neve:\u00a0R-NIM KFT. Az adatkezel\u0151 sz\u00e9khelye:\u00a02615 Cs\u0151v\u00e1r, \u00c1rp\u00e1d \u00fat 43. Az adatkezel\u0151 postac\u00edme:\u00a02615 Cs\u0151v\u00e1r, \u00c1rp\u00e1d \u00fat 43. Az adatkezel\u0151 e-mail c\u00edme:\u00a0iroda@revolution-system.hu Az adatkezel\u0151 c\u00e9gb\u00edr\u00f3s\u00e1gi bejegyz\u00e9si sz\u00e1ma:\u00a013 09 186075 Az adatkezel\u0151 ad\u00f3sz\u00e1ma:\u00a024304360-2-13 A t\u00e1rhelyszolg\u00e1ltat\u00f3 adatai Wakelite Kft. Sz\u00e9khelye: 9700 Szombathely, Bezer\u00e9di A. u. 5. C\u00e9gjegyz\u00e9ksz\u00e1ma: [&hellip;]","og_url":"https:\/\/arnyekolasvezerles.hu\/en\/adatvedelmi-kozpont\/impresszum\/","og_site_name":"\u00c1rny\u00e9kol\u00e1s vez\u00e9rl\u00e9s","article_modified_time":"2019-08-28T03:53:45+00:00","twitter_card":"summary_large_image","schema":{"@context":"https:\/\/schema.org","@graph":[{"@type":"WebPage","@id":"https:\/\/arnyekolasvezerles.hu\/adatvedelmi-kozpont\/impresszum\/","url":"https:\/\/arnyekolasvezerles.hu\/adatvedelmi-kozpont\/impresszum\/","name":"Impresszum - \u00c1rny\u00e9kol\u00e1s vez\u00e9rl\u00e9s","isPartOf":{"@id":"https:\/\/arnyekolasvezerles.hu\/#website"},"datePublished":"2018-08-28T09:35:21+00:00","dateModified":"2019-08-28T03:53:45+00:00","breadcrumb":{"@id":"https:\/\/arnyekolasvezerles.hu\/adatvedelmi-kozpont\/impresszum\/#breadcrumb"},"inLanguage":"en-GB","potentialAction":[{"@type":"ReadAction","target":["https:\/\/arnyekolasvezerles.hu\/adatvedelmi-kozpont\/impresszum\/"]}]},{"@type":"BreadcrumbList","@id":"https:\/\/arnyekolasvezerles.hu\/adatvedelmi-kozpont\/impresszum\/#breadcrumb","itemListElement":[{"@type":"ListItem","position":1,"name":"Home","item":"https:\/\/arnyekolasvezerles.hu\/"},{"@type":"ListItem","position":2,"name":"Adatv\u00e9delmi k\u00f6zpont","item":"https:\/\/arnyekolasvezerles.hu\/adatvedelmi-kozpont\/"},{"@type":"ListItem","position":3,"name":"Impresszum"}]},{"@type":"WebSite","@id":"https:\/\/arnyekolasvezerles.hu\/#website","url":"https:\/\/arnyekolasvezerles.hu\/","name":"\u00c1rny\u00e9kol\u00e1s vez\u00e9rl\u00e9s","description":"","potentialAction":[{"@type":"SearchAction","target":{"@type":"EntryPoint","urlTemplate":"https:\/\/arnyekolasvezerles.hu\/?s={search_term_string}"},"query-input":{"@type":"PropertyValueSpecification","valueRequired":true,"valueName":"search_term_string"}}],"inLanguage":"en-GB"}]}},"_links":{"self":[{"href":"https:\/\/arnyekolasvezerles.hu\/en\/wp-json\/wp\/v2\/pages\/1840","targetHints":{"allow":["GET"]}}],"collection":[{"href":"https:\/\/arnyekolasvezerles.hu\/en\/wp-json\/wp\/v2\/pages"}],"about":[{"href":"https:\/\/arnyekolasvezerles.hu\/en\/wp-json\/wp\/v2\/types\/page"}],"author":[{"embeddable":true,"href":"https:\/\/arnyekolasvezerles.hu\/en\/wp-json\/wp\/v2\/users\/1"}],"replies":[{"embeddable":true,"href":"https:\/\/arnyekolasvezerles.hu\/en\/wp-json\/wp\/v2\/comments?post=1840"}],"version-history":[{"count":2,"href":"https:\/\/arnyekolasvezerles.hu\/en\/wp-json\/wp\/v2\/pages\/1840\/revisions"}],"predecessor-version":[{"id":1869,"href":"https:\/\/arnyekolasvezerles.hu\/en\/wp-json\/wp\/v2\/pages\/1840\/revisions\/1869"}],"up":[{"embeddable":true,"href":"https:\/\/arnyekolasvezerles.hu\/en\/wp-json\/wp\/v2\/pages\/1833"}],"wp:attachment":[{"href":"https:\/\/arnyekolasvezerles.hu\/en\/wp-json\/wp\/v2\/media?parent=1840"}],"curies":[{"name":"wp","href":"https:\/\/api.w.org\/{rel}","templated":true}]}}