{"id":1837,"date":"2018-08-28T11:35:21","date_gmt":"2018-08-28T09:35:21","guid":{"rendered":"https:\/\/arnyekolasvezerles.hu\/adatvedelmi-kozpont\/adat-helyesbites\/"},"modified":"2018-08-28T11:35:21","modified_gmt":"2018-08-28T09:35:21","slug":"adat-helyesbites","status":"publish","type":"page","link":"https:\/\/arnyekolasvezerles.hu\/en\/adatvedelmi-kozpont\/adat-helyesbites\/","title":{"rendered":"Adat helyesb\u00edt\u00e9s"},"content":{"rendered":"<p>[wordpress_gdpr_data_rectification]<\/p>\n","protected":false},"excerpt":{"rendered":"<p>[wordpress_gdpr_data_rectification]<\/p>\n","protected":false},"author":1,"featured_media":0,"parent":1833,"menu_order":0,"comment_status":"closed","ping_status":"closed","template":"","meta":{"footnotes":""},"class_list":["post-1837","page","type-page","status-publish","hentry"],"yoast_head":"<!-- This site is optimized with the Yoast SEO plugin v27.5 - https:\/\/yoast.com\/product\/yoast-seo-wordpress\/ -->\n<title>Adat helyesb\u00edt\u00e9s - \u00c1rny\u00e9kol\u00e1s vez\u00e9rl\u00e9s<\/title>\n<meta name=\"robots\" content=\"index, follow, max-snippet:-1, max-image-preview:large, max-video-preview:-1\" \/>\n<link rel=\"canonical\" href=\"https:\/\/arnyekolasvezerles.hu\/en\/adatvedelmi-kozpont\/adat-helyesbites\/\" \/>\n<meta property=\"og:locale\" content=\"en_GB\" \/>\n<meta property=\"og:type\" content=\"article\" \/>\n<meta property=\"og:title\" content=\"Adat helyesb\u00edt\u00e9s - \u00c1rny\u00e9kol\u00e1s vez\u00e9rl\u00e9s\" \/>\n<meta property=\"og:description\" content=\"[wordpress_gdpr_data_rectification]\" \/>\n<meta property=\"og:url\" content=\"https:\/\/arnyekolasvezerles.hu\/en\/adatvedelmi-kozpont\/adat-helyesbites\/\" \/>\n<meta property=\"og:site_name\" content=\"\u00c1rny\u00e9kol\u00e1s vez\u00e9rl\u00e9s\" \/>\n<meta name=\"twitter:card\" content=\"summary_large_image\" \/>\n<script type=\"application\/ld+json\" class=\"yoast-schema-graph\">{\"@context\":\"https:\\\/\\\/schema.org\",\"@graph\":[{\"@type\":\"WebPage\",\"@id\":\"https:\\\/\\\/arnyekolasvezerles.hu\\\/adatvedelmi-kozpont\\\/adat-helyesbites\\\/\",\"url\":\"https:\\\/\\\/arnyekolasvezerles.hu\\\/adatvedelmi-kozpont\\\/adat-helyesbites\\\/\",\"name\":\"Adat helyesb\u00edt\u00e9s - \u00c1rny\u00e9kol\u00e1s vez\u00e9rl\u00e9s\",\"isPartOf\":{\"@id\":\"https:\\\/\\\/arnyekolasvezerles.hu\\\/#website\"},\"datePublished\":\"2018-08-28T09:35:21+00:00\",\"breadcrumb\":{\"@id\":\"https:\\\/\\\/arnyekolasvezerles.hu\\\/adatvedelmi-kozpont\\\/adat-helyesbites\\\/#breadcrumb\"},\"inLanguage\":\"en-GB\",\"potentialAction\":[{\"@type\":\"ReadAction\",\"target\":[\"https:\\\/\\\/arnyekolasvezerles.hu\\\/adatvedelmi-kozpont\\\/adat-helyesbites\\\/\"]}]},{\"@type\":\"BreadcrumbList\",\"@id\":\"https:\\\/\\\/arnyekolasvezerles.hu\\\/adatvedelmi-kozpont\\\/adat-helyesbites\\\/#breadcrumb\",\"itemListElement\":[{\"@type\":\"ListItem\",\"position\":1,\"name\":\"Home\",\"item\":\"https:\\\/\\\/arnyekolasvezerles.hu\\\/\"},{\"@type\":\"ListItem\",\"position\":2,\"name\":\"Adatv\u00e9delmi k\u00f6zpont\",\"item\":\"https:\\\/\\\/arnyekolasvezerles.hu\\\/adatvedelmi-kozpont\\\/\"},{\"@type\":\"ListItem\",\"position\":3,\"name\":\"Adat helyesb\u00edt\u00e9s\"}]},{\"@type\":\"WebSite\",\"@id\":\"https:\\\/\\\/arnyekolasvezerles.hu\\\/#website\",\"url\":\"https:\\\/\\\/arnyekolasvezerles.hu\\\/\",\"name\":\"\u00c1rny\u00e9kol\u00e1s vez\u00e9rl\u00e9s\",\"description\":\"\",\"potentialAction\":[{\"@type\":\"SearchAction\",\"target\":{\"@type\":\"EntryPoint\",\"urlTemplate\":\"https:\\\/\\\/arnyekolasvezerles.hu\\\/?s={search_term_string}\"},\"query-input\":{\"@type\":\"PropertyValueSpecification\",\"valueRequired\":true,\"valueName\":\"search_term_string\"}}],\"inLanguage\":\"en-GB\"}]}<\/script>\n<!-- \/ Yoast SEO plugin. -->","yoast_head_json":{"title":"Adat helyesb\u00edt\u00e9s - \u00c1rny\u00e9kol\u00e1s vez\u00e9rl\u00e9s","robots":{"index":"index","follow":"follow","max-snippet":"max-snippet:-1","max-image-preview":"max-image-preview:large","max-video-preview":"max-video-preview:-1"},"canonical":"https:\/\/arnyekolasvezerles.hu\/en\/adatvedelmi-kozpont\/adat-helyesbites\/","og_locale":"en_GB","og_type":"article","og_title":"Adat helyesb\u00edt\u00e9s - \u00c1rny\u00e9kol\u00e1s vez\u00e9rl\u00e9s","og_description":"[wordpress_gdpr_data_rectification]","og_url":"https:\/\/arnyekolasvezerles.hu\/en\/adatvedelmi-kozpont\/adat-helyesbites\/","og_site_name":"\u00c1rny\u00e9kol\u00e1s vez\u00e9rl\u00e9s","twitter_card":"summary_large_image","schema":{"@context":"https:\/\/schema.org","@graph":[{"@type":"WebPage","@id":"https:\/\/arnyekolasvezerles.hu\/adatvedelmi-kozpont\/adat-helyesbites\/","url":"https:\/\/arnyekolasvezerles.hu\/adatvedelmi-kozpont\/adat-helyesbites\/","name":"Adat helyesb\u00edt\u00e9s - \u00c1rny\u00e9kol\u00e1s vez\u00e9rl\u00e9s","isPartOf":{"@id":"https:\/\/arnyekolasvezerles.hu\/#website"},"datePublished":"2018-08-28T09:35:21+00:00","breadcrumb":{"@id":"https:\/\/arnyekolasvezerles.hu\/adatvedelmi-kozpont\/adat-helyesbites\/#breadcrumb"},"inLanguage":"en-GB","potentialAction":[{"@type":"ReadAction","target":["https:\/\/arnyekolasvezerles.hu\/adatvedelmi-kozpont\/adat-helyesbites\/"]}]},{"@type":"BreadcrumbList","@id":"https:\/\/arnyekolasvezerles.hu\/adatvedelmi-kozpont\/adat-helyesbites\/#breadcrumb","itemListElement":[{"@type":"ListItem","position":1,"name":"Home","item":"https:\/\/arnyekolasvezerles.hu\/"},{"@type":"ListItem","position":2,"name":"Adatv\u00e9delmi k\u00f6zpont","item":"https:\/\/arnyekolasvezerles.hu\/adatvedelmi-kozpont\/"},{"@type":"ListItem","position":3,"name":"Adat helyesb\u00edt\u00e9s"}]},{"@type":"WebSite","@id":"https:\/\/arnyekolasvezerles.hu\/#website","url":"https:\/\/arnyekolasvezerles.hu\/","name":"\u00c1rny\u00e9kol\u00e1s vez\u00e9rl\u00e9s","description":"","potentialAction":[{"@type":"SearchAction","target":{"@type":"EntryPoint","urlTemplate":"https:\/\/arnyekolasvezerles.hu\/?s={search_term_string}"},"query-input":{"@type":"PropertyValueSpecification","valueRequired":true,"valueName":"search_term_string"}}],"inLanguage":"en-GB"}]}},"_links":{"self":[{"href":"https:\/\/arnyekolasvezerles.hu\/en\/wp-json\/wp\/v2\/pages\/1837","targetHints":{"allow":["GET"]}}],"collection":[{"href":"https:\/\/arnyekolasvezerles.hu\/en\/wp-json\/wp\/v2\/pages"}],"about":[{"href":"https:\/\/arnyekolasvezerles.hu\/en\/wp-json\/wp\/v2\/types\/page"}],"author":[{"embeddable":true,"href":"https:\/\/arnyekolasvezerles.hu\/en\/wp-json\/wp\/v2\/users\/1"}],"replies":[{"embeddable":true,"href":"https:\/\/arnyekolasvezerles.hu\/en\/wp-json\/wp\/v2\/comments?post=1837"}],"version-history":[{"count":0,"href":"https:\/\/arnyekolasvezerles.hu\/en\/wp-json\/wp\/v2\/pages\/1837\/revisions"}],"up":[{"embeddable":true,"href":"https:\/\/arnyekolasvezerles.hu\/en\/wp-json\/wp\/v2\/pages\/1833"}],"wp:attachment":[{"href":"https:\/\/arnyekolasvezerles.hu\/en\/wp-json\/wp\/v2\/media?parent=1837"}],"curies":[{"name":"wp","href":"https:\/\/api.w.org\/{rel}","templated":true}]}}