{"id":1835,"date":"2018-08-28T11:35:21","date_gmt":"2018-08-28T09:35:21","guid":{"rendered":"https:\/\/arnyekolasvezerles.hu\/adatvedelmi-kozpont\/cookie-kezeles\/"},"modified":"2019-08-28T05:56:36","modified_gmt":"2019-08-28T03:56:36","slug":"cookie-kezeles","status":"publish","type":"page","link":"https:\/\/arnyekolasvezerles.hu\/en\/adatvedelmi-kozpont\/cookie-kezeles\/","title":{"rendered":"Cookie kezel\u00e9s"},"content":{"rendered":"<h2><span style=\"font-weight: 400;\">Az R-NIM KFT. weboldalainak cookie kezel\u00e9se<\/span><\/h2>\n<p><b>Az arnyekolasvezerles.hu, a revolution-system.hu\u00a0<\/b><span style=\"font-weight: 400;\">weboldalak cookie kezel\u00e9se (tov\u00e1bbiakban\u00a0<\/span><b>R-NIM KFT. weboldalak<\/b><span style=\"font-weight: 400;\">) a weboldalon tett l\u00e1togat\u00e1s sor\u00e1n, illetve az ott el\u00e9rhet\u0151 szolg\u00e1ltat\u00e1sok ig\u00e9nybev\u00e9telekor, a Felhaszn\u00e1l\u00f3 \u00e1ltal adott hozz\u00e1j\u00e1rul\u00e1s eset\u00e9n egy vagy t\u00f6bb karaktersorozatb\u00f3l \u00e1ll\u00f3 azonos\u00edt\u00f3 file (\u201es\u00fcti\u201d vagy \u201ecookie\u201d) ker\u00fcl megk\u00fcld\u00e9sre \u00e9s elhelyez\u00e9sre a Felhaszn\u00e1l\u00f3 elektronikus h\u00edrk\u00f6zl\u0151 v\u00e9gberendez\u00e9s\u00e9n, sz\u00e1m\u00edt\u00f3g\u00e9p\u00e9n. A cookie \u00e1ltal a Felhaszn\u00e1l\u00f3 b\u00f6ng\u00e9sz\u0151je egyedileg azonos\u00edthat\u00f3v\u00e1 v\u00e1lik. Az \u00fczemeltet\u0151\u00a0<\/span><b>\u00a0R-NIM KFT. <\/b><span style=\"font-weight: 400;\">ezek alapj\u00e1n a Felhaszn\u00e1l\u00f3knak az\u00a0<\/span><b>R-NIM KFT. weboldalak<\/b><span style=\"font-weight: 400;\">\u00a0haszn\u00e1lat\u00e1val, b\u00f6ng\u00e9sz\u00e9si szok\u00e1saival kapcsolatos adatait kezeli, \u00e9s t\u00e1rolja a munkamenet sor\u00e1n megadott adatokat. A cookie-k haszn\u00e1lat\u00e1t a Felhaszn\u00e1l\u00f3 a\u00a0<\/span><b>R-NIM KFT. weboldalakon<\/b><span style=\"font-weight: 400;\">\u00a0megjelen\u0151 felugr\u00f3 ablak seg\u00edts\u00e9g\u00e9vel hagyhatja j\u00f3v\u00e1.<\/span><\/p>\n<p><span style=\"font-weight: 400;\">A cookie-k lehetnek \u201e\u00e1lland\u00f3\u201d vagy \u201emunkameneti\u201d t\u00edpus\u00faak, melyeket a b\u00f6ng\u00e9sz\u0151 k\u00fcl\u00f6nf\u00e9le id\u0151pontig, lej\u00e1ratig t\u00e1rol, felt\u00e9ve, hogy azt a Felhaszn\u00e1l\u00f3 nem t\u00f6rli vagy tiltja le (l\u00e1sd lent). Az adatokat a szolg\u00e1ltat\u00f3 k\u00fcl\u00f6nb\u00f6z\u0151 id\u0151pontig kezeli, ez lehet 10 perc, 30 perc, a b\u00f6ng\u00e9sz\u0151 bez\u00e1r\u00e1s\u00e1ig, az adott munkamenet v\u00e9g\u00e9ig, vagy 2 h\u00e9t, 30 nap, 6 h\u00f3nap, illetve 1, 2, vagy 3 \u00e9v is. Amennyiben a cookie \u00e1lland\u00f3 (vagyis nem ideiglenes) jelleggel ker\u00fcl elhelyez\u00e9s\u00e9re, az adatokat a szolg\u00e1ltat\u00f3 addig kezeli, am\u00edg a Felhaszn\u00e1l\u00f3 a hozz\u00e1j\u00e1rul\u00e1s\u00e1t jelen Felhaszn\u00e1l\u00e1si Szab\u00e1lyzat felt\u00e9telei szerint vissza nem vonja. A jelen pontban meghat\u00e1rozott c\u00e9lb\u00f3l kezelt adatokat az\u00a0<\/span><b>R-NIM KFT. <\/b><span style=\"font-weight: 400;\">halad\u00e9ktalanul t\u00f6rli, ha az adatkezel\u00e9si c\u00e9l megsz\u0171nt, vagy a Felhaszn\u00e1l\u00f3 \u00edgy rendelkezik.<\/span><\/p>\n<p><span style=\"font-weight: 400;\">A cookie-k \u00e1ltali adatkezel\u00e9s c\u00e9lja a felhaszn\u00e1l\u00f3i \u00e9lm\u00e9ny testre szab\u00e1sa, \u00edgy azok a szem\u00e9lyre szabott kiszolg\u00e1l\u00e1s \u00e9rdek\u00e9ben, a\u00a0<\/span><b>R-NIM KFT. weboldalakon\u00a0<\/b><span style=\"font-weight: 400;\">el\u00e9rhet\u0151, inform\u00e1ci\u00f3s t\u00e1rsadalommal \u00f6sszef\u00fcgg\u0151 (elektronikus kereskedelmi) szolg\u00e1ltat\u00e1sok szem\u00e9lyre szabott ny\u00fajt\u00e1sa \u00e9rdek\u00e9ben, tov\u00e1bb\u00e1 a Felhaszn\u00e1l\u00f3k azonos\u00edt\u00e1sa, a r\u00e9sz\u00fckre kedvez\u0151bb, \u00e9rdekl\u0151d\u00e9s\u00fcknek megfelel\u0151 tartalmak kialak\u00edt\u00e1sa \u00e9s el\u00e9rhet\u0151v\u00e9 t\u00e9tele \u00e9rdek\u00e9ben ker\u00fclnek alkalmaz\u00e1sra. A cookie-k \u00e1ltal felvett adatok kezel\u00e9s\u00e9nek c\u00e9lja tov\u00e1bb\u00e1 l\u00e1togatotts\u00e1gi inform\u00e1ci\u00f3k gy\u0171jt\u00e9se, statisztik\u00e1k k\u00e9sz\u00edt\u00e9se. A weboldalakr\u00f3l begy\u0171jt\u00f6tt cookie-inform\u00e1ci\u00f3k seg\u00edts\u00e9g\u00e9vel k\u00f6vetni tudja az \u00faj \u00e9s visszat\u00e9r\u0151 l\u00e1togat\u00f3k sz\u00e1m\u00e1t, statisztik\u00e1kat tud k\u00e9sz\u00edteni a weboldalon \u00e9rz\u00e9kelt aktivit\u00e1sr\u00f3l, a Felhaszn\u00e1l\u00f3k \u00e1ltal felkeresett oldalakr\u00f3l, \u00edgy jobban megismerheti a haszn\u00e1lati szok\u00e1sokat, tov\u00e1bb\u00e1 lehet\u0151s\u00e9ge ny\u00edlik inform\u00e1ci\u00f3kat elemezni, hogy ezzel is el\u0151seg\u00edthesse a\u00a0<\/span><b>R-NIM KFT. weboldalak <\/b><span style=\"font-weight: 400;\">szolg\u00e1ltat\u00e1sainak fejleszt\u00e9s\u00e9t \u00e9s jav\u00edt\u00e1s\u00e1t.<\/span><\/p>\n<h3><span style=\"font-weight: 400;\">A s\u00fctik t\u00edpusai<\/span><\/h3>\n<p><span style=\"font-weight: 400;\">Alapm\u0171k\u00f6d\u00e9st biztos\u00edt\u00f3 s\u00fctik<\/span><\/p>\n<p><span style=\"font-weight: 400;\">Ezen s\u00fctik biztos\u00edtj\u00e1k a weboldal megfelel\u0151 m\u0171k\u00f6d\u00e9s\u00e9t, megk\u00f6nny\u00edtik annak haszn\u00e1lat\u00e1t, \u00e9s l\u00e1togat\u00f3ink azonos\u00edt\u00e1sa n\u00e9lk\u00fcl gy\u0171jtenek inform\u00e1ci\u00f3t a haszn\u00e1lat\u00e1r\u00f3l.<\/span><\/p>\n<p><span style=\"font-weight: 400;\">Ide tartozik p\u00e9ld\u00e1ul a kalkul\u00e1torhaszn\u00e1lati \u00e9rt\u00e9kek t\u00e1rol\u00e1sa, a s\u00fctikezel\u00e9s elfogad\u00e1s\u00e1nak st\u00e1tusza, bejelentkez\u00e9si m\u00f3dok \u00e9s adatok megjegyz\u00e9se, weboldal \u00e9rtes\u00edt\u00e9si \u00fczenetek st\u00e1tusza \u00e9s a cs\u00f6kkentett funkcionalit\u00e1s\u00fa Google Analytics k\u00f3d.<\/span><\/p>\n<p><span style=\"font-weight: 400;\">Ne feledje, ezen s\u00fctik alkalmaz\u00e1sa n\u00e9lk\u00fcl nem tudjuk garant\u00e1lni \u00d6nnek weboldalunk k\u00e9nyelmes haszn\u00e1lat\u00e1t.<\/span><\/p>\n<p><span style=\"font-weight: 400;\">Statisztikai c\u00e9l\u00fa s\u00fctik<\/span><\/p>\n<p><span style=\"font-weight: 400;\">Weboldalunk fejleszt\u00e9s\u00e9nek, valamint a felhaszn\u00e1l\u00f3k sz\u00e1m\u00e1ra biztos\u00edtott \u00e9lm\u00e9nyek jav\u00edt\u00e1s\u00e1nak c\u00e9lj\u00e1val olyan s\u00fctiket is haszn\u00e1lunk, melyek lehet\u0151v\u00e9 teszik sz\u00e1munkra, hogy inform\u00e1ci\u00f3t gy\u0171jts\u00fcnk azzal kapcsolatban, hogyan haszn\u00e1lj\u00e1k l\u00e1togat\u00f3ink weboldalunkat. Ezek a s\u00fctik nem tudj\u00e1k \u00d6nt szem\u00e9ly szerint beazonos\u00edtani, olyan inform\u00e1ci\u00f3kat gy\u0171jtenek, mint pl. hogy melyik oldalt n\u00e9zett meg a l\u00e1togat\u00f3nk, a felhaszn\u00e1l\u00f3 a weboldal mely r\u00e9sz\u00e9re kattintott, h\u00e1ny oldalt keresett fel, milyen hossz\u00fa volt az egyes munkamenetek megtekint\u00e9si ideje, melyek voltak az esetleges hiba\u00fczenetek.<\/span><\/p>\n<p><span style=\"font-weight: 400;\">Ilyen teljes\u00edtm\u00e9nyt biztos\u00edt\u00f3 s\u00fctik a Google Analytics s\u00fctijei is. A Google Analytics s\u00fctikkel kapcsolatos tov\u00e1bbi tudnival\u00f3k \u00e9rdek\u00e9ben k\u00e9rj\u00fck,\u00a0<\/span><a href=\"https:\/\/developers.google.com\/analytics\/devguides\/collection\/analyticsjs\/cookie-usage\"><span style=\"font-weight: 400;\">kattintson ide<\/span><\/a><span style=\"font-weight: 400;\">.<\/span><\/p>\n<p><span style=\"font-weight: 400;\">C\u00e9lz\u00f3- \u00e9s hirdet\u00e9si s\u00fctik<\/span><\/p>\n<p><span style=\"font-weight: 400;\">Ezeknek a s\u00fctiknek az a c\u00e9lja, hogy \u00e1ltaluk m\u00e9g ink\u00e1bb az \u00d6nt \u00e9rdekl\u0151 vagy az \u00d6n sz\u00e1m\u00e1ra relev\u00e1ns hirdet\u00e9sek jelenjenek meg a weboldalakon. Ezek a s\u00fctik nem tudj\u00e1k \u00d6nt szem\u00e9ly szerint beazonos\u00edtani, olyan inform\u00e1ci\u00f3kat gy\u0171jtenek, mint pl. hogy melyik oldalt n\u00e9zte meg a l\u00e1togat\u00f3nk, a felhaszn\u00e1l\u00f3 a weboldal mely r\u00e9sz\u00e9re kattintott, h\u00e1ny oldalt keresett fel, mindezt az \u00d6n \u00e9rdekl\u0151d\u00e9s\u00e9re sz\u00e1mot tart\u00f3 tartalmak megismer\u00e9se \u00e9rdek\u00e9ben.<\/span><\/p>\n<p><span style=\"font-weight: 400;\">Amennyiben ehhez el\u0151zetesen hozz\u00e1j\u00e1rult, a weboldal haszn\u00e1lat nyomon k\u00f6vet\u00e9se sor\u00e1n \u00f6sszegy\u0171jt\u00f6tt inform\u00e1ci\u00f3kat egy\u00fcttesen haszn\u00e1lhatjuk fel az \u00d6n szem\u00e9lyes adataival, annak \u00e9rdek\u00e9ben, hogy marketing kommunik\u00e1ci\u00f3nkat m\u00e9g jobban az \u00d6n ig\u00e9nyeihez igaz\u00edthassuk \u00e9s az \u00d6n sz\u00e1m\u00e1ra min\u00e9l ink\u00e1bb szem\u00e9lyre szabott aj\u00e1nlatokra h\u00edvjuk fel a figyelm\u00e9t.<\/span><\/p>\n<p><span style=\"font-weight: 400;\">\u00a0<\/span><\/p>\n<h3><span style=\"font-weight: 400;\">Honlapunkon az al\u00e1bbi szolg\u00e1ltat\u00f3k hirdet\u00e9si s\u00fctijeit haszn\u00e1ljuk:<\/span><\/h3>\n<p><span style=\"font-weight: 400;\">Google Adwords<\/span><\/p>\n<p><span style=\"font-weight: 400;\">A szolg\u00e1ltat\u00e1ssal kapcsolatos r\u00e9szletes t\u00e1j\u00e9koztat\u00f3 a k\u00f6vetkez\u0151 linken kereszt\u00fcl \u00e9rhet\u0151 el:\u00a0<\/span><a href=\"https:\/\/www.google.com\/intl\/hu\/policies\/privacy\"><span style=\"font-weight: 400;\">https:\/\/www.google.com\/intl\/hu\/policies\/privacy<\/span><\/a><\/p>\n<p><span style=\"font-weight: 400;\">Facebook<\/span><\/p>\n<p><span style=\"font-weight: 400;\">A szolg\u00e1ltat\u00e1ssal kapcsolatos r\u00e9szletes t\u00e1j\u00e9koztat\u00f3 a k\u00f6vetkez\u0151 linken \u00e9rhet\u0151 el:<\/span><span style=\"font-weight: 400;\"><br \/>\n<\/span><a href=\"https:\/\/www.facebook.com\/help\/cookies\/\"><span style=\"font-weight: 400;\">https:\/\/www.facebook.com\/help\/cookies\/<\/span><\/a><\/p>\n<p><span style=\"font-weight: 400;\">Doubleclick<\/span><\/p>\n<p><span style=\"font-weight: 400;\">A szolg\u00e1ltat\u00e1ssal kapcsolatos r\u00e9szletes t\u00e1j\u00e9koztat\u00f3 a k\u00f6vetkez\u0151 linken \u00e9rhet\u0151 el:<\/span><span style=\"font-weight: 400;\"><br \/>\n<\/span><a href=\"https:\/\/www.google.com\/intl\/hu\/policies\/privacy\"><span style=\"font-weight: 400;\">https:\/\/www.google.com\/intl\/hu\/policies\/privacy<\/span><\/a><\/p>\n<p><span style=\"font-weight: 400;\">\u00a0<\/span><\/p>\n<h3><span style=\"font-weight: 400;\">Hogyan ellen\u0151rizheti, \u00e9s hogyan tudja kikapcsolnia a s\u00fctiket?<\/span><\/h3>\n<p><span style=\"font-weight: 400;\">Weboldalunkon b\u00e1rmikor lehet\u0151s\u00e9ge van ki- \u00e9s bekapcsolni az egyes s\u00fctiket, az al\u00e1bb linken:\u00a0<\/span><a href=\"https:\/\/www.revolution-system.hu\/kapcsolat\/\"><span style=\"font-weight: 400;\">Adatv\u00e9delmi K\u00f6zpont<\/span><\/a><span style=\"font-weight: 400;\">\u00a0 \/<\/span><b>Adatv\u00e9delmi be\u00e1ll\u00edt\u00e1sok<\/b><span style=\"font-weight: 400;\">\u00a0men\u00fcpont alatt!<\/span><\/p>\n<p><span style=\"font-weight: 400;\">Minden modern b\u00f6ng\u00e9sz\u0151 enged\u00e9lyezi a s\u00fctik be\u00e1ll\u00edt\u00e1s\u00e1nak a v\u00e1ltoztat\u00e1s\u00e1t. A legt\u00f6bb b\u00f6ng\u00e9sz\u0151 alap\u00e9rtelmezettk\u00e9nt automatikusan elfogadja a s\u00fctiket, ezek a be\u00e1ll\u00edt\u00e1sok azonban \u00e1ltal\u00e1ban megv\u00e1ltoztathat\u00f3k, \u00edgy a b\u00f6ng\u00e9sz\u0151 meg tudja akad\u00e1lyozni az automatikus elfogad\u00e1st, \u00e9s minden alkalommal fel tudja aj\u00e1nlani a v\u00e1laszt\u00e1s lehet\u0151s\u00e9g\u00e9t, hogy enged\u00e9lyezi-e a s\u00fctiket.<\/span><\/p>\n<p><span style=\"font-weight: 400;\">Felh\u00edvjuk figyelm\u00e9t, hogy mivel a s\u00fctik c\u00e9lja weboldalunk haszn\u00e1lhat\u00f3s\u00e1g\u00e1nak \u00e9s folyamatainak megk\u00f6nny\u00edt\u00e9se vagy lehet\u0151v\u00e9 t\u00e9tele, a cookie-k alkalmaz\u00e1s\u00e1nak megakad\u00e1lyoz\u00e1sa vagy t\u00f6rl\u00e9se miatt el\u0151fordulhat, hogy nem tudja weboldalunk funkci\u00f3it teljes k\u00f6r\u0171en haszn\u00e1lni, illetve hogy a weboldal a tervezett\u0151l elt\u00e9r\u0151en fog m\u0171k\u00f6dni b\u00f6ng\u00e9sz\u0151j\u00e9ben.<\/span><\/p>\n<p><b>A legn\u00e9pszer\u0171bb b\u00f6ng\u00e9sz\u0151k s\u00fcti be\u00e1ll\u00edt\u00e1sair\u00f3l az al\u00e1bbi linkeken t\u00e1j\u00e9koz\u00f3dhat:<\/b><\/p>\n<ul>\n<li style=\"font-weight: 400;\"><a href=\"https:\/\/support.google.com\/accounts\/answer\/61416?hl=hu\"><span style=\"font-weight: 400;\">Google Chrome<\/span><\/a><\/li>\n<li style=\"font-weight: 400;\"><a href=\"https:\/\/support.mozilla.org\/hu\/kb\/sutik-informacio-amelyet-weboldalak-tarolnak-szami\"><span style=\"font-weight: 400;\">Firefox<\/span><\/a><\/li>\n<li style=\"font-weight: 400;\"><a href=\"https:\/\/support.microsoft.com\/hu-hu\/help\/17442\/windows-internet-explorer-delete-manage-cookies#ie=ie-11\"><span style=\"font-weight: 400;\">Microsoft Internet Explorer<\/span><\/a><\/li>\n<li style=\"font-weight: 400;\"><a href=\"https:\/\/privacy.microsoft.com\/hu-hu\/windows-10-microsoft-edge-and-privacy\"><span style=\"font-weight: 400;\">Microsoft Edge<\/span><\/a><\/li>\n<li style=\"font-weight: 400;\"><a href=\"https:\/\/support.apple.com\/kb\/ph21411?locale=hu_HU\"><span style=\"font-weight: 400;\">Safari<\/span><\/a><\/li>\n<\/ul>\n<p><span style=\"font-weight: 400;\">\u00a0<\/span><\/p>\n<p><span style=\"font-weight: 400;\">Statisztikai c\u00e9l\u00fa s\u00fctik<\/span><\/p>\n<table>\n<tbody>\n<tr>\n<td><b>Adatkezel\u00e9s\u00a0jogalapja<\/b><\/td>\n<td><b>Adatkezel\u00e9s\u00a0c\u00e9lja<\/b><\/td>\n<td><b>Adatkezel\u00e9s\u00a0id\u0151tartama<\/b><\/td>\n<td><b>Kezelt\u00a0adatk\u00f6r<\/b><\/td>\n<\/tr>\n<tr>\n<td><span style=\"font-weight: 400;\">Az \u00d6n hozz\u00e1j\u00e1rul\u00e1sa<\/span><\/td>\n<td><span style=\"font-weight: 400;\">Inform\u00e1ci\u00f3 gy\u0171jt\u00e9se azzal kapcsolatban, hogyan haszn\u00e1lj\u00e1k l\u00e1togat\u00f3ink weboldalunkat<\/span><\/td>\n<td><span style=\"font-weight: 400;\">S\u00fctit\u0151l f\u00fcgg\u0151en:\u2013 munkamenet v\u00e9g\u00e9ig<\/span><span style=\"font-weight: 400;\"><br \/>\n<\/span><span style=\"font-weight: 400;\">\u2013 2 \u00e9vig<\/span><span style=\"font-weight: 400;\"><br \/>\n<\/span><span style=\"font-weight: 400;\">\u2013 24 \u00f3r\u00e1ig<\/span><span style=\"font-weight: 400;\"><br \/>\n<\/span><span style=\"font-weight: 400;\">\u2013 1 percig<\/span><span style=\"font-weight: 400;\"><br \/>\n<\/span><span style=\"font-weight: 400;\">\u2013 90 napig<\/span><\/td>\n<td><span style=\"font-weight: 400;\">Google Analytics k\u00f3d_ga<\/span><span style=\"font-weight: 400;\"><br \/>\n<\/span><span style=\"font-weight: 400;\">_gid<\/span><span style=\"font-weight: 400;\"><br \/>\n<\/span><span style=\"font-weight: 400;\">_gat<\/span><span style=\"font-weight: 400;\"><br \/>\n<\/span><span style=\"font-weight: 400;\">_gac_&lt;property-id&gt;Az egyes s\u00fctik le\u00edr\u00e1s\u00e1r\u00f3l\u00a0<\/span><a href=\"https:\/\/developers.google.com\/analytics\/devguides\/collection\/analyticsjs\/cookie-usage#analyticsjs\"><span style=\"font-weight: 400;\">ide\u00a0kattintva<\/span><\/a><span style=\"font-weight: 400;\">t\u00e1j\u00e9koz\u00f3dhat.<\/span><\/td>\n<\/tr>\n<\/tbody>\n<\/table>\n<p><span style=\"font-weight: 400;\">\u00a0<\/span><\/p>\n<p><span style=\"font-weight: 400;\">C\u00e9lz\u00f3- \u00e9s hirdet\u00e9si s\u00fctik<\/span><\/p>\n<table>\n<tbody>\n<tr>\n<td><b>Adatkezel\u00e9s\u00a0jogalapja<\/b><\/td>\n<td><b>Adatkezel\u00e9s\u00a0c\u00e9lja<\/b><\/td>\n<td><b>Adatkezel\u00e9s\u00a0id\u0151tartama<\/b><\/td>\n<td><b>Kezelt\u00a0adatk\u00f6r<\/b><\/td>\n<\/tr>\n<tr>\n<td><span style=\"font-weight: 400;\">Az \u00d6n hozz\u00e1j\u00e1rul\u00e1sa<\/span><\/td>\n<td><span style=\"font-weight: 400;\">Relev\u00e1ns hirdet\u00e9sek megjelen\u00edt\u00e9se, azonos\u00edt\u00f3 l\u00e9trehoz\u00e1sa \u00e9s t\u00e1rol\u00e1sa<\/span><\/td>\n<td><span style=\"font-weight: 400;\">S\u00fctit\u0151l f\u00fcgg\u0151en:\u2013 90 napig<\/span><span style=\"font-weight: 400;\"><br \/>\n<\/span><span style=\"font-weight: 400;\">\u2013 18 h\u00f3napig<\/span><span style=\"font-weight: 400;\"><br \/>\n<\/span><span style=\"font-weight: 400;\">\u2013 vagy 2 \u00e9vig<\/span><\/td>\n<td><span style=\"font-weight: 400;\">\u2013 Google Adwords konverzi\u00f3s k\u00f3d\u2013 Google Adwords remarketing k\u00f3d<\/span><\/p>\n<p><span style=\"font-weight: 400;\">\u2013 Google Analytics remarketing funkci\u00f3<\/span><\/p>\n<p><span style=\"font-weight: 400;\">\u2013 Facebook konverzi\u00f3s k\u00f3d<\/span><\/p>\n<p><span style=\"font-weight: 400;\">\u2013 Facebook remarketing k\u00f3d<\/span><\/td>\n<\/tr>\n<\/tbody>\n<\/table>\n<p><span style=\"font-weight: 400;\">\u00a0<\/span><\/p>\n<p><span style=\"font-weight: 400;\">Az \u00c1ltal\u00e1nos Adatv\u00e9delmi Rendeletben meghat\u00e1rozott jogai megs\u00e9rt\u00e9se eset\u00e9n panasszal fordulhat az Adatkezel\u0151h\u00f6z a k\u00f6vetkez\u0151 c\u00edmen:\u00a0<\/span><a href=\"https:\/\/www.revolution-system.hu\/kapcsolat\/\"><span style=\"font-weight: 400;\">\u00cdrok az Adatv\u00e9delmi Tisztvisel\u0151nek<\/span><\/a><\/p>\n<p><b>Az adatkezel\u00e9s \u00f6nk\u00e9ntes hozz\u00e1j\u00e1rul\u00e1son alapul:<\/b><span style=\"font-weight: 400;\">\u00a0Az adatkezel\u00e9s jogalapja az Infotv. 5. \u00a7 (1) a.) pontja alapj\u00e1n az \u00e9rintett \u00f6nk\u00e9ntes hozz\u00e1j\u00e1rul\u00e1sa, tov\u00e1bb\u00e1 az elektronikus h\u00edrk\u00f6zl\u00e9sr\u0151l sz\u00f3l\u00f3 2003. \u00e9vi C. t\u00f6rv\u00e9ny 155.\u00a7 (4) bekezd\u00e9se szerinti hozz\u00e1j\u00e1rul\u00e1s. Az adatkezel\u00e9s c\u00e9lja: a Felhaszn\u00e1l\u00f3k azonos\u00edt\u00e1sa, egym\u00e1st\u00f3l val\u00f3 megk\u00fcl\u00f6nb\u00f6ztet\u00e9se, a Felhaszn\u00e1l\u00f3k aktu\u00e1lis munkamenet\u00e9nek azonos\u00edt\u00e1sa, az annak sor\u00e1n megadott adatok t\u00e1rol\u00e1sa, az adatveszt\u00e9s megakad\u00e1lyoz\u00e1sa, a Felhaszn\u00e1l\u00f3k azonos\u00edt\u00e1sa, nyomon k\u00f6vet\u00e9se, a weboldal l\u00e1togat\u00e1sa sor\u00e1n r\u00f6gz\u00edtett adatok felhaszn\u00e1l\u00e1s\u00e1val szem\u00e9lyre szabott aj\u00e1nlatok megjelen\u00edt\u00e9se, a felhaszn\u00e1l\u00f3i preferenci\u00e1k t\u00e1rol\u00e1sa \u00e9s a Felhaszn\u00e1l\u00f3k k\u00f6vet\u00e9se<\/span><\/p>\n<h2><\/h2>","protected":false},"excerpt":{"rendered":"<p>Az R-NIM KFT. weboldalainak cookie kezel\u00e9se Az arnyekolasvezerles.hu, a revolution-system.hu\u00a0weboldalak cookie kezel\u00e9se (tov\u00e1bbiakban\u00a0R-NIM KFT. weboldalak) a weboldalon tett l\u00e1togat\u00e1s sor\u00e1n, illetve az ott el\u00e9rhet\u0151 szolg\u00e1ltat\u00e1sok ig\u00e9nybev\u00e9telekor, a Felhaszn\u00e1l\u00f3 \u00e1ltal adott hozz\u00e1j\u00e1rul\u00e1s eset\u00e9n egy vagy t\u00f6bb karaktersorozatb\u00f3l \u00e1ll\u00f3 azonos\u00edt\u00f3 file (\u201es\u00fcti\u201d vagy \u201ecookie\u201d) ker\u00fcl megk\u00fcld\u00e9sre \u00e9s elhelyez\u00e9sre a Felhaszn\u00e1l\u00f3 elektronikus h\u00edrk\u00f6zl\u0151 v\u00e9gberendez\u00e9s\u00e9n, sz\u00e1m\u00edt\u00f3g\u00e9p\u00e9n. A cookie \u00e1ltal [&hellip;]<\/p>\n","protected":false},"author":1,"featured_media":0,"parent":1833,"menu_order":0,"comment_status":"closed","ping_status":"closed","template":"","meta":{"footnotes":""},"class_list":["post-1835","page","type-page","status-publish","hentry"],"yoast_head":"<!-- This site is optimized with the Yoast SEO plugin v27.5 - https:\/\/yoast.com\/product\/yoast-seo-wordpress\/ -->\n<title>Cookie kezel\u00e9s - \u00c1rny\u00e9kol\u00e1s vez\u00e9rl\u00e9s<\/title>\n<meta name=\"robots\" content=\"index, follow, max-snippet:-1, max-image-preview:large, max-video-preview:-1\" \/>\n<link rel=\"canonical\" href=\"https:\/\/arnyekolasvezerles.hu\/en\/adatvedelmi-kozpont\/cookie-kezeles\/\" \/>\n<meta property=\"og:locale\" content=\"en_GB\" \/>\n<meta property=\"og:type\" content=\"article\" \/>\n<meta property=\"og:title\" content=\"Cookie kezel\u00e9s - \u00c1rny\u00e9kol\u00e1s vez\u00e9rl\u00e9s\" \/>\n<meta property=\"og:description\" content=\"Az R-NIM KFT. weboldalainak cookie kezel\u00e9se Az arnyekolasvezerles.hu, a revolution-system.hu\u00a0weboldalak cookie kezel\u00e9se (tov\u00e1bbiakban\u00a0R-NIM KFT. weboldalak) a weboldalon tett l\u00e1togat\u00e1s sor\u00e1n, illetve az ott el\u00e9rhet\u0151 szolg\u00e1ltat\u00e1sok ig\u00e9nybev\u00e9telekor, a Felhaszn\u00e1l\u00f3 \u00e1ltal adott hozz\u00e1j\u00e1rul\u00e1s eset\u00e9n egy vagy t\u00f6bb karaktersorozatb\u00f3l \u00e1ll\u00f3 azonos\u00edt\u00f3 file (\u201es\u00fcti\u201d vagy \u201ecookie\u201d) ker\u00fcl megk\u00fcld\u00e9sre \u00e9s elhelyez\u00e9sre a Felhaszn\u00e1l\u00f3 elektronikus h\u00edrk\u00f6zl\u0151 v\u00e9gberendez\u00e9s\u00e9n, sz\u00e1m\u00edt\u00f3g\u00e9p\u00e9n. A cookie \u00e1ltal [&hellip;]\" \/>\n<meta property=\"og:url\" content=\"https:\/\/arnyekolasvezerles.hu\/en\/adatvedelmi-kozpont\/cookie-kezeles\/\" \/>\n<meta property=\"og:site_name\" content=\"\u00c1rny\u00e9kol\u00e1s vez\u00e9rl\u00e9s\" \/>\n<meta property=\"article:modified_time\" content=\"2019-08-28T03:56:36+00:00\" \/>\n<meta name=\"twitter:card\" content=\"summary_large_image\" \/>\n<meta name=\"twitter:label1\" content=\"Estimated reading time\" \/>\n\t<meta name=\"twitter:data1\" content=\"8 minutes\" \/>\n<script type=\"application\/ld+json\" class=\"yoast-schema-graph\">{\"@context\":\"https:\\\/\\\/schema.org\",\"@graph\":[{\"@type\":\"WebPage\",\"@id\":\"https:\\\/\\\/arnyekolasvezerles.hu\\\/adatvedelmi-kozpont\\\/cookie-kezeles\\\/\",\"url\":\"https:\\\/\\\/arnyekolasvezerles.hu\\\/adatvedelmi-kozpont\\\/cookie-kezeles\\\/\",\"name\":\"Cookie kezel\u00e9s - \u00c1rny\u00e9kol\u00e1s vez\u00e9rl\u00e9s\",\"isPartOf\":{\"@id\":\"https:\\\/\\\/arnyekolasvezerles.hu\\\/#website\"},\"datePublished\":\"2018-08-28T09:35:21+00:00\",\"dateModified\":\"2019-08-28T03:56:36+00:00\",\"breadcrumb\":{\"@id\":\"https:\\\/\\\/arnyekolasvezerles.hu\\\/adatvedelmi-kozpont\\\/cookie-kezeles\\\/#breadcrumb\"},\"inLanguage\":\"en-GB\",\"potentialAction\":[{\"@type\":\"ReadAction\",\"target\":[\"https:\\\/\\\/arnyekolasvezerles.hu\\\/adatvedelmi-kozpont\\\/cookie-kezeles\\\/\"]}]},{\"@type\":\"BreadcrumbList\",\"@id\":\"https:\\\/\\\/arnyekolasvezerles.hu\\\/adatvedelmi-kozpont\\\/cookie-kezeles\\\/#breadcrumb\",\"itemListElement\":[{\"@type\":\"ListItem\",\"position\":1,\"name\":\"Home\",\"item\":\"https:\\\/\\\/arnyekolasvezerles.hu\\\/\"},{\"@type\":\"ListItem\",\"position\":2,\"name\":\"Adatv\u00e9delmi k\u00f6zpont\",\"item\":\"https:\\\/\\\/arnyekolasvezerles.hu\\\/adatvedelmi-kozpont\\\/\"},{\"@type\":\"ListItem\",\"position\":3,\"name\":\"Cookie kezel\u00e9s\"}]},{\"@type\":\"WebSite\",\"@id\":\"https:\\\/\\\/arnyekolasvezerles.hu\\\/#website\",\"url\":\"https:\\\/\\\/arnyekolasvezerles.hu\\\/\",\"name\":\"\u00c1rny\u00e9kol\u00e1s vez\u00e9rl\u00e9s\",\"description\":\"\",\"potentialAction\":[{\"@type\":\"SearchAction\",\"target\":{\"@type\":\"EntryPoint\",\"urlTemplate\":\"https:\\\/\\\/arnyekolasvezerles.hu\\\/?s={search_term_string}\"},\"query-input\":{\"@type\":\"PropertyValueSpecification\",\"valueRequired\":true,\"valueName\":\"search_term_string\"}}],\"inLanguage\":\"en-GB\"}]}<\/script>\n<!-- \/ Yoast SEO plugin. -->","yoast_head_json":{"title":"Cookie kezel\u00e9s - \u00c1rny\u00e9kol\u00e1s vez\u00e9rl\u00e9s","robots":{"index":"index","follow":"follow","max-snippet":"max-snippet:-1","max-image-preview":"max-image-preview:large","max-video-preview":"max-video-preview:-1"},"canonical":"https:\/\/arnyekolasvezerles.hu\/en\/adatvedelmi-kozpont\/cookie-kezeles\/","og_locale":"en_GB","og_type":"article","og_title":"Cookie kezel\u00e9s - \u00c1rny\u00e9kol\u00e1s vez\u00e9rl\u00e9s","og_description":"Az R-NIM KFT. weboldalainak cookie kezel\u00e9se Az arnyekolasvezerles.hu, a revolution-system.hu\u00a0weboldalak cookie kezel\u00e9se (tov\u00e1bbiakban\u00a0R-NIM KFT. weboldalak) a weboldalon tett l\u00e1togat\u00e1s sor\u00e1n, illetve az ott el\u00e9rhet\u0151 szolg\u00e1ltat\u00e1sok ig\u00e9nybev\u00e9telekor, a Felhaszn\u00e1l\u00f3 \u00e1ltal adott hozz\u00e1j\u00e1rul\u00e1s eset\u00e9n egy vagy t\u00f6bb karaktersorozatb\u00f3l \u00e1ll\u00f3 azonos\u00edt\u00f3 file (\u201es\u00fcti\u201d vagy \u201ecookie\u201d) ker\u00fcl megk\u00fcld\u00e9sre \u00e9s elhelyez\u00e9sre a Felhaszn\u00e1l\u00f3 elektronikus h\u00edrk\u00f6zl\u0151 v\u00e9gberendez\u00e9s\u00e9n, sz\u00e1m\u00edt\u00f3g\u00e9p\u00e9n. A cookie \u00e1ltal [&hellip;]","og_url":"https:\/\/arnyekolasvezerles.hu\/en\/adatvedelmi-kozpont\/cookie-kezeles\/","og_site_name":"\u00c1rny\u00e9kol\u00e1s vez\u00e9rl\u00e9s","article_modified_time":"2019-08-28T03:56:36+00:00","twitter_card":"summary_large_image","twitter_misc":{"Estimated reading time":"8 minutes"},"schema":{"@context":"https:\/\/schema.org","@graph":[{"@type":"WebPage","@id":"https:\/\/arnyekolasvezerles.hu\/adatvedelmi-kozpont\/cookie-kezeles\/","url":"https:\/\/arnyekolasvezerles.hu\/adatvedelmi-kozpont\/cookie-kezeles\/","name":"Cookie kezel\u00e9s - \u00c1rny\u00e9kol\u00e1s vez\u00e9rl\u00e9s","isPartOf":{"@id":"https:\/\/arnyekolasvezerles.hu\/#website"},"datePublished":"2018-08-28T09:35:21+00:00","dateModified":"2019-08-28T03:56:36+00:00","breadcrumb":{"@id":"https:\/\/arnyekolasvezerles.hu\/adatvedelmi-kozpont\/cookie-kezeles\/#breadcrumb"},"inLanguage":"en-GB","potentialAction":[{"@type":"ReadAction","target":["https:\/\/arnyekolasvezerles.hu\/adatvedelmi-kozpont\/cookie-kezeles\/"]}]},{"@type":"BreadcrumbList","@id":"https:\/\/arnyekolasvezerles.hu\/adatvedelmi-kozpont\/cookie-kezeles\/#breadcrumb","itemListElement":[{"@type":"ListItem","position":1,"name":"Home","item":"https:\/\/arnyekolasvezerles.hu\/"},{"@type":"ListItem","position":2,"name":"Adatv\u00e9delmi k\u00f6zpont","item":"https:\/\/arnyekolasvezerles.hu\/adatvedelmi-kozpont\/"},{"@type":"ListItem","position":3,"name":"Cookie kezel\u00e9s"}]},{"@type":"WebSite","@id":"https:\/\/arnyekolasvezerles.hu\/#website","url":"https:\/\/arnyekolasvezerles.hu\/","name":"\u00c1rny\u00e9kol\u00e1s vez\u00e9rl\u00e9s","description":"","potentialAction":[{"@type":"SearchAction","target":{"@type":"EntryPoint","urlTemplate":"https:\/\/arnyekolasvezerles.hu\/?s={search_term_string}"},"query-input":{"@type":"PropertyValueSpecification","valueRequired":true,"valueName":"search_term_string"}}],"inLanguage":"en-GB"}]}},"_links":{"self":[{"href":"https:\/\/arnyekolasvezerles.hu\/en\/wp-json\/wp\/v2\/pages\/1835","targetHints":{"allow":["GET"]}}],"collection":[{"href":"https:\/\/arnyekolasvezerles.hu\/en\/wp-json\/wp\/v2\/pages"}],"about":[{"href":"https:\/\/arnyekolasvezerles.hu\/en\/wp-json\/wp\/v2\/types\/page"}],"author":[{"embeddable":true,"href":"https:\/\/arnyekolasvezerles.hu\/en\/wp-json\/wp\/v2\/users\/1"}],"replies":[{"embeddable":true,"href":"https:\/\/arnyekolasvezerles.hu\/en\/wp-json\/wp\/v2\/comments?post=1835"}],"version-history":[{"count":7,"href":"https:\/\/arnyekolasvezerles.hu\/en\/wp-json\/wp\/v2\/pages\/1835\/revisions"}],"predecessor-version":[{"id":1871,"href":"https:\/\/arnyekolasvezerles.hu\/en\/wp-json\/wp\/v2\/pages\/1835\/revisions\/1871"}],"up":[{"embeddable":true,"href":"https:\/\/arnyekolasvezerles.hu\/en\/wp-json\/wp\/v2\/pages\/1833"}],"wp:attachment":[{"href":"https:\/\/arnyekolasvezerles.hu\/en\/wp-json\/wp\/v2\/media?parent=1835"}],"curies":[{"name":"wp","href":"https:\/\/api.w.org\/{rel}","templated":true}]}}