{"id":1448,"date":"2017-09-30T13:47:22","date_gmt":"2017-09-30T11:47:22","guid":{"rendered":"https:\/\/arnyekolasvezerles.hu\/?page_id=1448"},"modified":"2017-10-11T19:39:27","modified_gmt":"2017-10-11T17:39:27","slug":"rr07","status":"publish","type":"page","link":"https:\/\/arnyekolasvezerles.hu\/en\/vezerlesek\/rr07\/","title":{"rendered":"RR07"},"content":{"rendered":"<p><div class=\"fusion-fullwidth fullwidth-box fusion-builder-row-1 fusion-parallax-none nonhundred-percent-fullwidth non-hundred-percent-height-scrolling\" style=\"--awb-border-radius-top-left:0px;--awb-border-radius-top-right:0px;--awb-border-radius-bottom-right:0px;--awb-border-radius-bottom-left:0px;--awb-background-image:url(&quot;https:\/\/arnyekolasvezerles.hu\/images\/header-termekek.jpg&quot;);--awb-background-size:cover;--awb-flex-wrap:wrap;\" ><div class=\"fusion-builder-row fusion-row\"><div class=\"fusion-layout-column fusion_builder_column fusion-builder-column-0 fusion_builder_column_1_2 1_2 fusion-one-half fusion-column-first\" style=\"--awb-bg-size:cover;width:50%;width:calc(50% - ( ( 4% ) * 0.5 ) );margin-right: 4%;\"><div class=\"fusion-column-wrapper fusion-flex-column-wrapper-legacy\"><div class=\"fusion-title title fusion-title-1 fusion-sep-none fusion-title-text fusion-title-size-one\" style=\"--awb-margin-top:100px;--awb-margin-bottom:50px;\"><h1 class=\"fusion-title-heading title-heading-left fusion-responsive-typography-calculated\" style=\"margin:0;--fontSize:60;line-height:1.33;\"><h1 class=\"title-heading-left\" data-fontsize=\"22\" data-lineheight=\"42\">RR07<\/h1><\/h1><\/div><div class=\"fusion-sep-clear\"><\/div><div class=\"fusion-separator fusion-clearfix\" style=\"float:left;margin-top:0px;margin-bottom:20px;width:100%;max-width:170px;\"><div class=\"fusion-separator-border sep-single sep-solid\" style=\"--awb-height:20px;--awb-amount:20px;--awb-sep-color:#ffffff;border-color:#ffffff;border-top-width:2px;\"><\/div><\/div><div class=\"fusion-sep-clear\"><\/div><div class=\"fusion-text fusion-text-1\"><h3><span style=\"color: #ffffff;\">Bels\u0151 k\u00f6t\u00e9s\u0171, v\u00edzhatlan r\u00e1di\u00f3vev\u0151<\/span><\/h3>\n<\/div><div class=\"fusion-clearfix\"><\/div><\/div><\/div><div class=\"fusion-layout-column fusion_builder_column fusion-builder-column-1 fusion_builder_column_1_2 1_2 fusion-one-half fusion-column-last\" style=\"--awb-bg-size:cover;width:50%;width:calc(50% - ( ( 4% ) * 0.5 ) );\"><div class=\"fusion-column-wrapper fusion-flex-column-wrapper-legacy\"><div class=\"fusion-clearfix\"><\/div><\/div><\/div><\/div><\/div><div class=\"fusion-fullwidth fullwidth-box fusion-builder-row-2 nonhundred-percent-fullwidth non-hundred-percent-height-scrolling\" style=\"--awb-border-radius-top-left:0px;--awb-border-radius-top-right:0px;--awb-border-radius-bottom-right:0px;--awb-border-radius-bottom-left:0px;--awb-margin-top:70px;--awb-flex-wrap:wrap;\" ><div class=\"fusion-builder-row fusion-row\"><div class=\"fusion-layout-column fusion_builder_column fusion-builder-column-2 fusion_builder_column_1_2 1_2 fusion-one-half fusion-column-first\" style=\"--awb-bg-size:cover;width:50%;width:calc(50% - ( ( 4% ) * 0.5 ) );margin-right: 4%;\"><div class=\"fusion-column-wrapper fusion-flex-column-wrapper-legacy\"><div class=\"fusion-image-element in-legacy-container\" style=\"--awb-caption-title-font-family:var(--h2_typography-font-family);--awb-caption-title-font-weight:var(--h2_typography-font-weight);--awb-caption-title-font-style:var(--h2_typography-font-style);--awb-caption-title-size:var(--h2_typography-font-size);--awb-caption-title-transform:var(--h2_typography-text-transform);--awb-caption-title-line-height:var(--h2_typography-line-height);--awb-caption-title-letter-spacing:var(--h2_typography-letter-spacing);\"><span class=\" fusion-imageframe imageframe-none imageframe-1 hover-type-zoomin fusion-animated\" data-animationType=\"fadeInDown\" data-animationDuration=\"1.0\" data-animationOffset=\"top-into-view\"><img decoding=\"async\" width=\"900\" height=\"600\" title=\"revolution-vezerles-rr07\" src=\"https:\/\/arnyekolasvezerles.hu\/images\/revolution-vezerles-rr07.jpg\" alt class=\"img-responsive wp-image-1337\" srcset=\"https:\/\/arnyekolasvezerles.hu\/images\/revolution-vezerles-rr07-200x133.jpg 200w, https:\/\/arnyekolasvezerles.hu\/images\/revolution-vezerles-rr07-400x267.jpg 400w, https:\/\/arnyekolasvezerles.hu\/images\/revolution-vezerles-rr07-600x400.jpg 600w, https:\/\/arnyekolasvezerles.hu\/images\/revolution-vezerles-rr07-800x533.jpg 800w, https:\/\/arnyekolasvezerles.hu\/images\/revolution-vezerles-rr07.jpg 900w\" sizes=\"(max-width: 800px) 100vw, 600px\" \/><\/span><\/div><div class=\"fusion-sep-clear\"><\/div><div class=\"fusion-separator fusion-clearfix\" style=\"float:left;margin-top:40px;margin-bottom:40px;width:100%;max-width:150px;\"><div class=\"fusion-separator-border sep-single sep-solid\" style=\"--awb-height:20px;--awb-amount:20px;--awb-sep-color:#e2e3e8;border-color:#e2e3e8;border-top-width:2px;\"><\/div><\/div><div class=\"fusion-sep-clear\"><\/div><div class=\"fusion-clearfix\"><\/div><\/div><\/div><div class=\"fusion-layout-column fusion_builder_column fusion-builder-column-3 fusion_builder_column_1_2 1_2 fusion-one-half fusion-column-last\" style=\"--awb-bg-size:cover;width:50%;width:calc(50% - ( ( 4% ) * 0.5 ) );\"><div class=\"fusion-column-wrapper fusion-flex-column-wrapper-legacy\"><div class=\"fusion-title title fusion-title-2 fusion-sep-none fusion-title-center fusion-title-text fusion-title-size-four\" style=\"--awb-margin-bottom:10px;\"><h4 class=\"fusion-title-heading title-heading-center fusion-responsive-typography-calculated\" style=\"margin:0;--fontSize:18;--minFontSize:18;line-height:2.11;\">Tulajdons\u00e1gok<\/h4><\/div><ul style=\"--awb-size:15px;--awb-iconcolor:#f44336;--awb-line-height:25.5px;--awb-icon-width:25.5px;--awb-icon-height:25.5px;--awb-icon-margin:10.5px;--awb-content-margin:36px;--awb-circlecolor:rgba(255,255,255,0);--awb-circle-yes-font-size:13.2px;\" class=\"fusion-checklist fusion-checklist-1 fusion-checklist-default type-icons\"><li class=\"fusion-li-item\" style=\"\"><span class=\"icon-wrapper circle-yes\"><i class=\"fusion-li-icon fa fa-chevron-right\" aria-hidden=\"true\"><\/i><\/span><div class=\"fusion-li-item-content\">\n<p>k\u00f6nny\u0171 elhelyez\u00e9s<\/p>\n<\/div><\/li><li class=\"fusion-li-item\" style=\"\"><span class=\"icon-wrapper circle-yes\"><i class=\"fusion-li-icon fa fa-chevron-right\" aria-hidden=\"true\"><\/i><\/span><div class=\"fusion-li-item-content\">\n<p>1 darab maximum 120Nm-es kapcsol\u00f3s cs\u0151motor k\u00f6thet\u0151 a vev\u0151be<\/p>\n<\/div><\/li><li class=\"fusion-li-item\" style=\"\"><span class=\"icon-wrapper circle-yes\"><i class=\"fusion-li-icon fa fa-chevron-right\" aria-hidden=\"true\"><\/i><\/span><div class=\"fusion-li-item-content\">\n<p>M\u0171k\u00f6d\u00e9si frekvencia: 433,92 Mhz \u00b1100 KHz<\/p>\n<\/div><\/li><li class=\"fusion-li-item\" style=\"\"><span class=\"icon-wrapper circle-yes\"><i class=\"fusion-li-icon fa fa-chevron-right\" aria-hidden=\"true\"><\/i><\/span><div class=\"fusion-li-item-content\">\n<p>Kimeneti teljes\u00edtm\u00e9ny: 300 W<\/p>\n<\/div><\/li><li class=\"fusion-li-item\" style=\"\"><span class=\"icon-wrapper circle-yes\"><i class=\"fusion-li-icon fa fa-chevron-right\" aria-hidden=\"true\"><\/i><\/span><div class=\"fusion-li-item-content\">\n<p>M\u0171k\u00f6d\u00e9si h\u0151m\u00e9rs\u00e9klet: -20 \u00e9s + 55 C k\u00f6z\u00f6tt<\/p>\n<\/div><\/li><\/ul><div class=\"fusion-sep-clear\"><\/div><div class=\"fusion-separator fusion-clearfix\" style=\"float:left;margin-top:40px;margin-bottom:40px;width:100%;max-width:150px;\"><div class=\"fusion-separator-border sep-single sep-solid\" style=\"--awb-height:20px;--awb-amount:20px;--awb-sep-color:#e2e3e8;border-color:#e2e3e8;border-top-width:2px;\"><\/div><\/div><div class=\"fusion-sep-clear\"><\/div><div class=\"fusion-clearfix\"><\/div><\/div><\/div><\/div><\/div><div class=\"fusion-fullwidth fullwidth-box fusion-builder-row-3 nonhundred-percent-fullwidth non-hundred-percent-height-scrolling\" style=\"--awb-border-radius-top-left:0px;--awb-border-radius-top-right:0px;--awb-border-radius-bottom-right:0px;--awb-border-radius-bottom-left:0px;--awb-flex-wrap:wrap;\" ><div class=\"fusion-builder-row fusion-row\"><div class=\"fusion-layout-column fusion_builder_column fusion-builder-column-4 fusion_builder_column_1_2 1_2 fusion-one-half fusion-column-first\" style=\"--awb-bg-size:cover;width:50%;width:calc(50% - ( ( 4% ) * 0.5 ) );margin-right: 4%;\"><div class=\"fusion-column-wrapper fusion-flex-column-wrapper-legacy\"><div class=\"fusion-title title fusion-title-3 fusion-sep-none fusion-title-center fusion-title-text fusion-title-size-four\" style=\"--awb-margin-bottom:10px;\"><h4 class=\"fusion-title-heading title-heading-center fusion-responsive-typography-calculated\" style=\"margin:0;--fontSize:18;--minFontSize:18;line-height:2.11;\">Felhaszn\u00e1lhat\u00f3<\/h4><\/div><ul style=\"--awb-size:15px;--awb-iconcolor:#f44336;--awb-line-height:25.5px;--awb-icon-width:25.5px;--awb-icon-height:25.5px;--awb-icon-margin:10.5px;--awb-content-margin:36px;--awb-circlecolor:rgba(255,255,255,0);--awb-circle-yes-font-size:13.2px;\" class=\"fusion-checklist fusion-checklist-2 fusion-checklist-default type-icons\"><li class=\"fusion-li-item\" style=\"\"><span class=\"icon-wrapper circle-yes\"><i class=\"fusion-li-icon fa fa-chevron-right\" aria-hidden=\"true\"><\/i><\/span><div class=\"fusion-li-item-content\">\n<p>b\u00e1rmilyen, 230V-r\u00f3l, kapcsol\u00f3val m\u0171k\u00f6d\u0151 cs\u0151motorhoz szerelhet\u0151<\/p>\n<\/div><\/li><li class=\"fusion-li-item\" style=\"\"><span class=\"icon-wrapper circle-yes\"><i class=\"fusion-li-icon fa fa-chevron-right\" aria-hidden=\"true\"><\/i><\/span><div class=\"fusion-li-item-content\">\n<p>beszerel\u00e9st k\u00f6vet\u0151en a kapcsol\u00f3s \u00fczemeltet\u00e9s megsz\u0171nik, csak a t\u00e1vir\u00e1ny\u00edt\u00f3val t\u00f6rt\u00e9n\u0151 vez\u00e9rl\u00e9s marad<\/p>\n<\/div><\/li><li class=\"fusion-li-item\" style=\"\"><span class=\"icon-wrapper circle-yes\"><i class=\"fusion-li-icon fa fa-chevron-right\" aria-hidden=\"true\"><\/i><\/span><div class=\"fusion-li-item-content\">\n<p>az \u00f6sszes revolution t\u00e1vir\u00e1ny\u00edt\u00f3val kompatibilis<\/p>\n<\/div><\/li><li class=\"fusion-li-item\" style=\"\"><span class=\"icon-wrapper circle-yes\"><i class=\"fusion-li-icon fa fa-chevron-right\" aria-hidden=\"true\"><\/i><\/span><div class=\"fusion-li-item-content\">\n<p>ki \/ be kapcsolhat\u00f3 l\u00e9ptet\u0151 funkci\u00f3<\/p>\n<\/div><\/li><li class=\"fusion-li-item\" style=\"\"><span class=\"icon-wrapper circle-yes\"><i class=\"fusion-li-icon fa fa-chevron-right\" aria-hidden=\"true\"><\/i><\/span><div class=\"fusion-li-item-content\">\n<p>1 darab r\u00e1di\u00f3vev\u0151re maximum 20 darab t\u00e1vir\u00e1ny\u00edt\u00f3 tan\u00edthat\u00f3 fel<\/p>\n<\/div><\/li><li class=\"fusion-li-item\" style=\"\"><span class=\"icon-wrapper circle-yes\"><i class=\"fusion-li-icon fa fa-chevron-right\" aria-hidden=\"true\"><\/i><\/span><div class=\"fusion-li-item-content\">\n<p>m\u0171k\u00f6d\u00e9si h\u0151m\u00e9rs\u00e9klet: -20\u00b0C-+55\u00b0C<\/p>\n<\/div><\/li><li class=\"fusion-li-item\" style=\"\"><span class=\"icon-wrapper circle-yes\"><i class=\"fusion-li-icon fa fa-chevron-right\" aria-hidden=\"true\"><\/i><\/span><div class=\"fusion-li-item-content\">\n<p>kimeneti teljes\u00edtm\u00e9ny: maximum 800 W<\/p>\n<\/div><\/li><\/ul><div class=\"fusion-clearfix\"><\/div><\/div><\/div><div class=\"fusion-layout-column fusion_builder_column fusion-builder-column-5 fusion_builder_column_1_2 1_2 fusion-one-half fusion-column-last\" style=\"--awb-bg-size:cover;width:50%;width:calc(50% - ( ( 4% ) * 0.5 ) );\"><div class=\"fusion-column-wrapper fusion-flex-column-wrapper-legacy\"><div class=\"fusion-title title fusion-title-4 fusion-sep-none fusion-title-center fusion-title-text fusion-title-size-four\" style=\"--awb-margin-bottom:10px;\"><h4 class=\"fusion-title-heading title-heading-center fusion-responsive-typography-calculated\" style=\"margin:0;--fontSize:18;--minFontSize:18;line-height:2.11;\">Elhelyezhet\u0151<\/h4><\/div><ul style=\"--awb-size:15px;--awb-iconcolor:#f44336;--awb-line-height:25.5px;--awb-icon-width:25.5px;--awb-icon-height:25.5px;--awb-icon-margin:10.5px;--awb-content-margin:36px;--awb-circlecolor:rgba(255,255,255,0);--awb-circle-yes-font-size:13.2px;\" class=\"fusion-checklist fusion-checklist-3 fusion-checklist-default type-icons\"><li class=\"fusion-li-item\" style=\"\"><span class=\"icon-wrapper circle-yes\"><i class=\"fusion-li-icon fa fa-chevron-right\" aria-hidden=\"true\"><\/i><\/span><div class=\"fusion-li-item-content\">\n<p>red\u0151nytokban, \u00e1lmennyezet f\u00f6l\u00e9, falon k\u00edv\u00fcli vagy falba \u00e9p\u00edtett k\u00f6t\u0151dobozba, napellenz\u0151n\u00e9l a karokat tart\u00f3 z\u00e1rtszelv\u00e9nybe tolhat\u00f3, zsaluzi\u00e1n\u00e1l a s\u00ednbe<\/p>\n<\/div><\/li><\/ul><div class=\"fusion-clearfix\"><\/div><\/div><\/div><\/div><\/div><div class=\"fusion-fullwidth fullwidth-box fusion-builder-row-4 nonhundred-percent-fullwidth non-hundred-percent-height-scrolling\" style=\"--awb-border-radius-top-left:0px;--awb-border-radius-top-right:0px;--awb-border-radius-bottom-right:0px;--awb-border-radius-bottom-left:0px;--awb-flex-wrap:wrap;\" ><div class=\"fusion-builder-row fusion-row\"><div class=\"fusion-layout-column fusion_builder_column fusion-builder-column-6 fusion_builder_column_1_2 1_2 fusion-one-half fusion-column-first\" style=\"--awb-bg-size:cover;width:50%;width:calc(50% - ( ( 4% ) * 0.5 ) );margin-right: 4%;\"><div class=\"fusion-column-wrapper fusion-flex-column-wrapper-legacy\"><div class=\"fusion-image-element in-legacy-container\" style=\"--awb-caption-title-font-family:var(--h2_typography-font-family);--awb-caption-title-font-weight:var(--h2_typography-font-weight);--awb-caption-title-font-style:var(--h2_typography-font-style);--awb-caption-title-size:var(--h2_typography-font-size);--awb-caption-title-transform:var(--h2_typography-text-transform);--awb-caption-title-line-height:var(--h2_typography-line-height);--awb-caption-title-letter-spacing:var(--h2_typography-letter-spacing);\"><span class=\" fusion-imageframe imageframe-none imageframe-2 hover-type-zoomin fusion-animated\" data-animationType=\"fadeInDown\" data-animationDuration=\"1.0\" data-animationOffset=\"top-into-view\"><a href=\"https:\/\/arnyekolasvezerles.hu\/images\/revolution-vezerles-rr07-2.jpg\" class=\"fusion-lightbox\" data-rel=\"iLightbox[fe63c0cb4345d9ec8f1]\" data-title=\"revolution-vezerles-rr07-2\" title=\"revolution-vezerles-rr07-2\"><img decoding=\"async\" width=\"900\" height=\"600\" src=\"https:\/\/arnyekolasvezerles.hu\/images\/revolution-vezerles-rr07-2.jpg\" alt class=\"img-responsive wp-image-1520\" srcset=\"https:\/\/arnyekolasvezerles.hu\/images\/revolution-vezerles-rr07-2-200x133.jpg 200w, https:\/\/arnyekolasvezerles.hu\/images\/revolution-vezerles-rr07-2-400x267.jpg 400w, https:\/\/arnyekolasvezerles.hu\/images\/revolution-vezerles-rr07-2-600x400.jpg 600w, https:\/\/arnyekolasvezerles.hu\/images\/revolution-vezerles-rr07-2-800x533.jpg 800w, https:\/\/arnyekolasvezerles.hu\/images\/revolution-vezerles-rr07-2.jpg 900w\" sizes=\"(max-width: 800px) 100vw, 600px\" \/><\/a><\/span><\/div><div class=\"fusion-clearfix\"><\/div><\/div><\/div><div class=\"fusion-layout-column fusion_builder_column fusion-builder-column-7 fusion_builder_column_1_2 1_2 fusion-one-half fusion-column-last\" style=\"--awb-bg-size:cover;width:50%;width:calc(50% - ( ( 4% ) * 0.5 ) );\"><div class=\"fusion-column-wrapper fusion-flex-column-wrapper-legacy\"><div class=\"fusion-image-element in-legacy-container\" style=\"--awb-caption-title-font-family:var(--h2_typography-font-family);--awb-caption-title-font-weight:var(--h2_typography-font-weight);--awb-caption-title-font-style:var(--h2_typography-font-style);--awb-caption-title-size:var(--h2_typography-font-size);--awb-caption-title-transform:var(--h2_typography-text-transform);--awb-caption-title-line-height:var(--h2_typography-line-height);--awb-caption-title-letter-spacing:var(--h2_typography-letter-spacing);\"><span class=\" fusion-imageframe imageframe-none imageframe-3 hover-type-zoomin fusion-animated\" data-animationType=\"fadeInDown\" data-animationDuration=\"1.0\" data-animationOffset=\"top-into-view\"><a href=\"https:\/\/arnyekolasvezerles.hu\/images\/revolution-vezerles-rr07-3.jpg\" class=\"fusion-lightbox\" data-rel=\"iLightbox[efc0fc6631a2fdeaf2d]\" data-title=\"revolution-vezerles-rr07-3\" title=\"revolution-vezerles-rr07-3\"><img decoding=\"async\" width=\"900\" height=\"600\" src=\"https:\/\/arnyekolasvezerles.hu\/images\/revolution-vezerles-rr07-3.jpg\" alt class=\"img-responsive wp-image-1521\" srcset=\"https:\/\/arnyekolasvezerles.hu\/images\/revolution-vezerles-rr07-3-200x133.jpg 200w, https:\/\/arnyekolasvezerles.hu\/images\/revolution-vezerles-rr07-3-400x267.jpg 400w, https:\/\/arnyekolasvezerles.hu\/images\/revolution-vezerles-rr07-3-600x400.jpg 600w, https:\/\/arnyekolasvezerles.hu\/images\/revolution-vezerles-rr07-3-800x533.jpg 800w, https:\/\/arnyekolasvezerles.hu\/images\/revolution-vezerles-rr07-3.jpg 900w\" sizes=\"(max-width: 800px) 100vw, 600px\" \/><\/a><\/span><\/div><div class=\"fusion-clearfix\"><\/div><\/div><\/div><\/div><\/div><\/p>\n","protected":false},"excerpt":{"rendered":"","protected":false},"author":1,"featured_media":0,"parent":945,"menu_order":0,"comment_status":"closed","ping_status":"closed","template":"100-width.php","meta":{"footnotes":""},"class_list":["post-1448","page","type-page","status-publish","hentry"],"yoast_head":"<!-- This site is optimized with the Yoast SEO plugin v27.4 - https:\/\/yoast.com\/product\/yoast-seo-wordpress\/ -->\n<title>RR07 - \u00c1rny\u00e9kol\u00e1s vez\u00e9rl\u00e9s<\/title>\n<meta name=\"robots\" content=\"index, follow, max-snippet:-1, max-image-preview:large, max-video-preview:-1\" \/>\n<link rel=\"canonical\" href=\"https:\/\/arnyekolasvezerles.hu\/en\/vezerlesek\/rr07\/\" \/>\n<meta property=\"og:locale\" content=\"en_GB\" \/>\n<meta property=\"og:type\" content=\"article\" \/>\n<meta property=\"og:title\" content=\"RR07 - \u00c1rny\u00e9kol\u00e1s vez\u00e9rl\u00e9s\" \/>\n<meta property=\"og:url\" content=\"https:\/\/arnyekolasvezerles.hu\/en\/vezerlesek\/rr07\/\" \/>\n<meta property=\"og:site_name\" content=\"\u00c1rny\u00e9kol\u00e1s vez\u00e9rl\u00e9s\" \/>\n<meta property=\"article:modified_time\" content=\"2017-10-11T17:39:27+00:00\" \/>\n<meta name=\"twitter:card\" content=\"summary_large_image\" \/>\n<meta name=\"twitter:label1\" content=\"Estimated reading time\" \/>\n\t<meta name=\"twitter:data1\" content=\"8 minutes\" \/>\n<script type=\"application\/ld+json\" class=\"yoast-schema-graph\">{\"@context\":\"https:\\\/\\\/schema.org\",\"@graph\":[{\"@type\":\"WebPage\",\"@id\":\"https:\\\/\\\/arnyekolasvezerles.hu\\\/vezerlesek\\\/rr07\\\/\",\"url\":\"https:\\\/\\\/arnyekolasvezerles.hu\\\/vezerlesek\\\/rr07\\\/\",\"name\":\"RR07 - \u00c1rny\u00e9kol\u00e1s vez\u00e9rl\u00e9s\",\"isPartOf\":{\"@id\":\"https:\\\/\\\/arnyekolasvezerles.hu\\\/#website\"},\"datePublished\":\"2017-09-30T11:47:22+00:00\",\"dateModified\":\"2017-10-11T17:39:27+00:00\",\"breadcrumb\":{\"@id\":\"https:\\\/\\\/arnyekolasvezerles.hu\\\/vezerlesek\\\/rr07\\\/#breadcrumb\"},\"inLanguage\":\"en-GB\",\"potentialAction\":[{\"@type\":\"ReadAction\",\"target\":[\"https:\\\/\\\/arnyekolasvezerles.hu\\\/vezerlesek\\\/rr07\\\/\"]}]},{\"@type\":\"BreadcrumbList\",\"@id\":\"https:\\\/\\\/arnyekolasvezerles.hu\\\/vezerlesek\\\/rr07\\\/#breadcrumb\",\"itemListElement\":[{\"@type\":\"ListItem\",\"position\":1,\"name\":\"Home\",\"item\":\"https:\\\/\\\/arnyekolasvezerles.hu\\\/\"},{\"@type\":\"ListItem\",\"position\":2,\"name\":\"Vez\u00e9rl\u00e9sek\",\"item\":\"https:\\\/\\\/arnyekolasvezerles.hu\\\/vezerlesek\\\/\"},{\"@type\":\"ListItem\",\"position\":3,\"name\":\"RR07\"}]},{\"@type\":\"WebSite\",\"@id\":\"https:\\\/\\\/arnyekolasvezerles.hu\\\/#website\",\"url\":\"https:\\\/\\\/arnyekolasvezerles.hu\\\/\",\"name\":\"\u00c1rny\u00e9kol\u00e1s vez\u00e9rl\u00e9s\",\"description\":\"\",\"potentialAction\":[{\"@type\":\"SearchAction\",\"target\":{\"@type\":\"EntryPoint\",\"urlTemplate\":\"https:\\\/\\\/arnyekolasvezerles.hu\\\/?s={search_term_string}\"},\"query-input\":{\"@type\":\"PropertyValueSpecification\",\"valueRequired\":true,\"valueName\":\"search_term_string\"}}],\"inLanguage\":\"en-GB\"}]}<\/script>\n<!-- \/ Yoast SEO plugin. -->","yoast_head_json":{"title":"RR07 - \u00c1rny\u00e9kol\u00e1s vez\u00e9rl\u00e9s","robots":{"index":"index","follow":"follow","max-snippet":"max-snippet:-1","max-image-preview":"max-image-preview:large","max-video-preview":"max-video-preview:-1"},"canonical":"https:\/\/arnyekolasvezerles.hu\/en\/vezerlesek\/rr07\/","og_locale":"en_GB","og_type":"article","og_title":"RR07 - \u00c1rny\u00e9kol\u00e1s vez\u00e9rl\u00e9s","og_url":"https:\/\/arnyekolasvezerles.hu\/en\/vezerlesek\/rr07\/","og_site_name":"\u00c1rny\u00e9kol\u00e1s vez\u00e9rl\u00e9s","article_modified_time":"2017-10-11T17:39:27+00:00","twitter_card":"summary_large_image","twitter_misc":{"Estimated reading time":"8 minutes"},"schema":{"@context":"https:\/\/schema.org","@graph":[{"@type":"WebPage","@id":"https:\/\/arnyekolasvezerles.hu\/vezerlesek\/rr07\/","url":"https:\/\/arnyekolasvezerles.hu\/vezerlesek\/rr07\/","name":"RR07 - \u00c1rny\u00e9kol\u00e1s vez\u00e9rl\u00e9s","isPartOf":{"@id":"https:\/\/arnyekolasvezerles.hu\/#website"},"datePublished":"2017-09-30T11:47:22+00:00","dateModified":"2017-10-11T17:39:27+00:00","breadcrumb":{"@id":"https:\/\/arnyekolasvezerles.hu\/vezerlesek\/rr07\/#breadcrumb"},"inLanguage":"en-GB","potentialAction":[{"@type":"ReadAction","target":["https:\/\/arnyekolasvezerles.hu\/vezerlesek\/rr07\/"]}]},{"@type":"BreadcrumbList","@id":"https:\/\/arnyekolasvezerles.hu\/vezerlesek\/rr07\/#breadcrumb","itemListElement":[{"@type":"ListItem","position":1,"name":"Home","item":"https:\/\/arnyekolasvezerles.hu\/"},{"@type":"ListItem","position":2,"name":"Vez\u00e9rl\u00e9sek","item":"https:\/\/arnyekolasvezerles.hu\/vezerlesek\/"},{"@type":"ListItem","position":3,"name":"RR07"}]},{"@type":"WebSite","@id":"https:\/\/arnyekolasvezerles.hu\/#website","url":"https:\/\/arnyekolasvezerles.hu\/","name":"\u00c1rny\u00e9kol\u00e1s vez\u00e9rl\u00e9s","description":"","potentialAction":[{"@type":"SearchAction","target":{"@type":"EntryPoint","urlTemplate":"https:\/\/arnyekolasvezerles.hu\/?s={search_term_string}"},"query-input":{"@type":"PropertyValueSpecification","valueRequired":true,"valueName":"search_term_string"}}],"inLanguage":"en-GB"}]}},"_links":{"self":[{"href":"https:\/\/arnyekolasvezerles.hu\/en\/wp-json\/wp\/v2\/pages\/1448","targetHints":{"allow":["GET"]}}],"collection":[{"href":"https:\/\/arnyekolasvezerles.hu\/en\/wp-json\/wp\/v2\/pages"}],"about":[{"href":"https:\/\/arnyekolasvezerles.hu\/en\/wp-json\/wp\/v2\/types\/page"}],"author":[{"embeddable":true,"href":"https:\/\/arnyekolasvezerles.hu\/en\/wp-json\/wp\/v2\/users\/1"}],"replies":[{"embeddable":true,"href":"https:\/\/arnyekolasvezerles.hu\/en\/wp-json\/wp\/v2\/comments?post=1448"}],"version-history":[{"count":0,"href":"https:\/\/arnyekolasvezerles.hu\/en\/wp-json\/wp\/v2\/pages\/1448\/revisions"}],"up":[{"embeddable":true,"href":"https:\/\/arnyekolasvezerles.hu\/en\/wp-json\/wp\/v2\/pages\/945"}],"wp:attachment":[{"href":"https:\/\/arnyekolasvezerles.hu\/en\/wp-json\/wp\/v2\/media?parent=1448"}],"curies":[{"name":"wp","href":"https:\/\/api.w.org\/{rel}","templated":true}]}}