{"id":1125,"date":"2017-09-18T20:57:30","date_gmt":"2017-09-18T18:57:30","guid":{"rendered":"https:\/\/arnyekolasvezerles.hu\/?page_id=1125"},"modified":"2017-09-18T20:58:58","modified_gmt":"2017-09-18T18:58:58","slug":"partnereink","status":"publish","type":"page","link":"https:\/\/arnyekolasvezerles.hu\/en\/partnereink\/","title":{"rendered":"Our Partners"},"content":{"rendered":"<p><div class=\"fusion-fullwidth fullwidth-box fusion-builder-row-1 fusion-parallax-none nonhundred-percent-fullwidth non-hundred-percent-height-scrolling\" style=\"--awb-background-position:right top;--awb-border-radius-top-left:0px;--awb-border-radius-top-right:0px;--awb-border-radius-bottom-right:0px;--awb-border-radius-bottom-left:0px;--awb-padding-top:120px;--awb-padding-bottom:80px;--awb-background-image:url(&quot;https:\/\/arnyekolasvezerles.hu\/images\/fooldal-red-background.jpg&quot;);--awb-background-size:cover;--awb-flex-wrap:wrap;\" ><div class=\"fusion-builder-row fusion-row\"><div class=\"fusion-layout-column fusion_builder_column fusion-builder-column-0 fusion_builder_column_1_1 1_1 fusion-one-full fusion-column-first fusion-column-last\" style=\"--awb-bg-size:cover;\"><div class=\"fusion-column-wrapper fusion-flex-column-wrapper-legacy\"><div class=\"fusion-text fusion-text-1\"><h1>PARTNEREINK<\/h1>\n<\/div><div class=\"fusion-sep-clear\"><\/div><div class=\"fusion-separator fusion-full-width-sep\" style=\"margin-left: auto;margin-right: auto;margin-bottom:20px;width:100%;\"><\/div><div class=\"fusion-sep-clear\"><\/div><div class=\"fusion-clearfix\"><\/div><\/div><\/div><\/div><\/div><div class=\"fusion-fullwidth fullwidth-box fusion-builder-row-2 nonhundred-percent-fullwidth non-hundred-percent-height-scrolling\" style=\"--awb-background-position:left top;--awb-border-radius-top-left:0px;--awb-border-radius-top-right:0px;--awb-border-radius-bottom-right:0px;--awb-border-radius-bottom-left:0px;--awb-padding-top:150px;--awb-border-sizes-top:0px;--awb-border-sizes-bottom:0px;--awb-flex-wrap:wrap;\" ><div class=\"fusion-builder-row fusion-row\"><div class=\"fusion-layout-column fusion_builder_column fusion-builder-column-1 fusion_builder_column_1_1 1_1 fusion-one-full fusion-column-first fusion-column-last\" style=\"--awb-bg-size:cover;\"><div class=\"fusion-column-wrapper fusion-flex-column-wrapper-legacy\"><div class=\"fusion-sep-clear\"><\/div><div class=\"fusion-separator fusion-full-width-sep\" style=\"margin-left: auto;margin-right: auto;margin-top:100px;margin-bottom:100px;width:100%;\"><\/div><div class=\"fusion-sep-clear\"><\/div><div class=\"fusion-clearfix\"><\/div><\/div><\/div><\/div><\/div><\/p>","protected":false},"excerpt":{"rendered":"","protected":false},"author":1,"featured_media":0,"parent":0,"menu_order":0,"comment_status":"closed","ping_status":"closed","template":"100-width.php","meta":{"footnotes":""},"class_list":["post-1125","page","type-page","status-publish","hentry"],"yoast_head":"<!-- This site is optimized with the Yoast SEO plugin v27.4 - https:\/\/yoast.com\/product\/yoast-seo-wordpress\/ -->\n<title>Partnereink - \u00c1rny\u00e9kol\u00e1s vez\u00e9rl\u00e9s<\/title>\n<meta name=\"robots\" content=\"index, follow, max-snippet:-1, max-image-preview:large, max-video-preview:-1\" \/>\n<link rel=\"canonical\" href=\"https:\/\/arnyekolasvezerles.hu\/en\/partnereink\/\" \/>\n<meta property=\"og:locale\" content=\"en_GB\" \/>\n<meta property=\"og:type\" content=\"article\" \/>\n<meta property=\"og:title\" content=\"Partnereink - \u00c1rny\u00e9kol\u00e1s vez\u00e9rl\u00e9s\" \/>\n<meta property=\"og:url\" content=\"https:\/\/arnyekolasvezerles.hu\/en\/partnereink\/\" \/>\n<meta property=\"og:site_name\" content=\"\u00c1rny\u00e9kol\u00e1s vez\u00e9rl\u00e9s\" \/>\n<meta property=\"article:modified_time\" content=\"2017-09-18T18:58:58+00:00\" \/>\n<meta name=\"twitter:card\" content=\"summary_large_image\" \/>\n<meta name=\"twitter:label1\" content=\"Estimated reading time\" \/>\n\t<meta name=\"twitter:data1\" content=\"2 minutes\" \/>\n<script type=\"application\/ld+json\" class=\"yoast-schema-graph\">{\"@context\":\"https:\\\/\\\/schema.org\",\"@graph\":[{\"@type\":\"WebPage\",\"@id\":\"https:\\\/\\\/arnyekolasvezerles.hu\\\/partnereink\\\/\",\"url\":\"https:\\\/\\\/arnyekolasvezerles.hu\\\/partnereink\\\/\",\"name\":\"Partnereink - \u00c1rny\u00e9kol\u00e1s vez\u00e9rl\u00e9s\",\"isPartOf\":{\"@id\":\"https:\\\/\\\/arnyekolasvezerles.hu\\\/#website\"},\"datePublished\":\"2017-09-18T18:57:30+00:00\",\"dateModified\":\"2017-09-18T18:58:58+00:00\",\"breadcrumb\":{\"@id\":\"https:\\\/\\\/arnyekolasvezerles.hu\\\/partnereink\\\/#breadcrumb\"},\"inLanguage\":\"en-GB\",\"potentialAction\":[{\"@type\":\"ReadAction\",\"target\":[\"https:\\\/\\\/arnyekolasvezerles.hu\\\/partnereink\\\/\"]}]},{\"@type\":\"BreadcrumbList\",\"@id\":\"https:\\\/\\\/arnyekolasvezerles.hu\\\/partnereink\\\/#breadcrumb\",\"itemListElement\":[{\"@type\":\"ListItem\",\"position\":1,\"name\":\"Home\",\"item\":\"https:\\\/\\\/arnyekolasvezerles.hu\\\/\"},{\"@type\":\"ListItem\",\"position\":2,\"name\":\"Partnereink\"}]},{\"@type\":\"WebSite\",\"@id\":\"https:\\\/\\\/arnyekolasvezerles.hu\\\/#website\",\"url\":\"https:\\\/\\\/arnyekolasvezerles.hu\\\/\",\"name\":\"\u00c1rny\u00e9kol\u00e1s vez\u00e9rl\u00e9s\",\"description\":\"\",\"potentialAction\":[{\"@type\":\"SearchAction\",\"target\":{\"@type\":\"EntryPoint\",\"urlTemplate\":\"https:\\\/\\\/arnyekolasvezerles.hu\\\/?s={search_term_string}\"},\"query-input\":{\"@type\":\"PropertyValueSpecification\",\"valueRequired\":true,\"valueName\":\"search_term_string\"}}],\"inLanguage\":\"en-GB\"}]}<\/script>\n<!-- \/ Yoast SEO plugin. -->","yoast_head_json":{"title":"Partnereink - \u00c1rny\u00e9kol\u00e1s vez\u00e9rl\u00e9s","robots":{"index":"index","follow":"follow","max-snippet":"max-snippet:-1","max-image-preview":"max-image-preview:large","max-video-preview":"max-video-preview:-1"},"canonical":"https:\/\/arnyekolasvezerles.hu\/en\/partnereink\/","og_locale":"en_GB","og_type":"article","og_title":"Partnereink - \u00c1rny\u00e9kol\u00e1s vez\u00e9rl\u00e9s","og_url":"https:\/\/arnyekolasvezerles.hu\/en\/partnereink\/","og_site_name":"\u00c1rny\u00e9kol\u00e1s vez\u00e9rl\u00e9s","article_modified_time":"2017-09-18T18:58:58+00:00","twitter_card":"summary_large_image","twitter_misc":{"Estimated reading time":"2 minutes"},"schema":{"@context":"https:\/\/schema.org","@graph":[{"@type":"WebPage","@id":"https:\/\/arnyekolasvezerles.hu\/partnereink\/","url":"https:\/\/arnyekolasvezerles.hu\/partnereink\/","name":"Partnereink - \u00c1rny\u00e9kol\u00e1s vez\u00e9rl\u00e9s","isPartOf":{"@id":"https:\/\/arnyekolasvezerles.hu\/#website"},"datePublished":"2017-09-18T18:57:30+00:00","dateModified":"2017-09-18T18:58:58+00:00","breadcrumb":{"@id":"https:\/\/arnyekolasvezerles.hu\/partnereink\/#breadcrumb"},"inLanguage":"en-GB","potentialAction":[{"@type":"ReadAction","target":["https:\/\/arnyekolasvezerles.hu\/partnereink\/"]}]},{"@type":"BreadcrumbList","@id":"https:\/\/arnyekolasvezerles.hu\/partnereink\/#breadcrumb","itemListElement":[{"@type":"ListItem","position":1,"name":"Home","item":"https:\/\/arnyekolasvezerles.hu\/"},{"@type":"ListItem","position":2,"name":"Partnereink"}]},{"@type":"WebSite","@id":"https:\/\/arnyekolasvezerles.hu\/#website","url":"https:\/\/arnyekolasvezerles.hu\/","name":"\u00c1rny\u00e9kol\u00e1s vez\u00e9rl\u00e9s","description":"","potentialAction":[{"@type":"SearchAction","target":{"@type":"EntryPoint","urlTemplate":"https:\/\/arnyekolasvezerles.hu\/?s={search_term_string}"},"query-input":{"@type":"PropertyValueSpecification","valueRequired":true,"valueName":"search_term_string"}}],"inLanguage":"en-GB"}]}},"_links":{"self":[{"href":"https:\/\/arnyekolasvezerles.hu\/en\/wp-json\/wp\/v2\/pages\/1125","targetHints":{"allow":["GET"]}}],"collection":[{"href":"https:\/\/arnyekolasvezerles.hu\/en\/wp-json\/wp\/v2\/pages"}],"about":[{"href":"https:\/\/arnyekolasvezerles.hu\/en\/wp-json\/wp\/v2\/types\/page"}],"author":[{"embeddable":true,"href":"https:\/\/arnyekolasvezerles.hu\/en\/wp-json\/wp\/v2\/users\/1"}],"replies":[{"embeddable":true,"href":"https:\/\/arnyekolasvezerles.hu\/en\/wp-json\/wp\/v2\/comments?post=1125"}],"version-history":[{"count":0,"href":"https:\/\/arnyekolasvezerles.hu\/en\/wp-json\/wp\/v2\/pages\/1125\/revisions"}],"wp:attachment":[{"href":"https:\/\/arnyekolasvezerles.hu\/en\/wp-json\/wp\/v2\/media?parent=1125"}],"curies":[{"name":"wp","href":"https:\/\/api.w.org\/{rel}","templated":true}]}}